{"id":16585,"date":"2024-10-03T09:33:50","date_gmt":"2024-10-03T09:33:50","guid":{"rendered":"http:\/\/ladderwp.com\/product\/underhall-ultra-plan\/"},"modified":"2024-11-06T08:50:18","modified_gmt":"2024-11-06T08:50:18","slug":"underhall-ultra-plan","status":"publish","type":"product","link":"https:\/\/ladderwp.com\/sv\/produkt\/underhall-ultra-plan\/","title":{"rendered":"Underh\u00e5ll Ultra Plan"},"content":{"rendered":"<p>F\u00f6r medelstora och stora webbplatser.<\/p>\n","protected":false},"excerpt":{"rendered":"<p>Perfekt f\u00f6r medelstora till stora webbplatser, med avancerad s\u00e4kerhet, prioriterad support och uppdateringar varannan m\u00e5nad.<\/p>\n","protected":false},"featured_media":16933,"comment_status":"open","ping_status":"closed","template":"","meta":{"_acf_changed":false},"product_brand":[],"product_cat":[175],"product_tag":[],"class_list":{"0":"post-16585","1":"product","2":"type-product","3":"status-publish","4":"has-post-thumbnail","6":"product_cat-okategoriserade","7":"entry","9":"first","10":"instock","11":"sold-individually","12":"taxable","13":"shipping-taxable","14":"purchasable","15":"product-type-variable-subscription","16":"has-default-attributes"},"acf":[],"_links":{"self":[{"href":"https:\/\/ladderwp.com\/sv\/wp-json\/wp\/v2\/product\/16585","targetHints":{"allow":["GET"]}}],"collection":[{"href":"https:\/\/ladderwp.com\/sv\/wp-json\/wp\/v2\/product"}],"about":[{"href":"https:\/\/ladderwp.com\/sv\/wp-json\/wp\/v2\/types\/product"}],"replies":[{"embeddable":true,"href":"https:\/\/ladderwp.com\/sv\/wp-json\/wp\/v2\/comments?post=16585"}],"wp:featuredmedia":[{"embeddable":true,"href":"https:\/\/ladderwp.com\/sv\/wp-json\/wp\/v2\/media\/16933"}],"wp:attachment":[{"href":"https:\/\/ladderwp.com\/sv\/wp-json\/wp\/v2\/media?parent=16585"}],"wp:term":[{"taxonomy":"product_brand","embeddable":true,"href":"https:\/\/ladderwp.com\/sv\/wp-json\/wp\/v2\/product_brand?post=16585"},{"taxonomy":"product_cat","embeddable":true,"href":"https:\/\/ladderwp.com\/sv\/wp-json\/wp\/v2\/product_cat?post=16585"},{"taxonomy":"product_tag","embeddable":true,"href":"https:\/\/ladderwp.com\/sv\/wp-json\/wp\/v2\/product_tag?post=16585"}],"curies":[{"name":"wp","href":"https:\/\/api.w.org\/{rel}","templated":true}]}}