{"id":16582,"date":"2024-10-03T09:34:56","date_gmt":"2024-10-03T09:34:56","guid":{"rendered":"http:\/\/ladderwp.com\/product\/underhall-ultimate-plan\/"},"modified":"2024-11-06T08:50:17","modified_gmt":"2024-11-06T08:50:17","slug":"underhall-ultimate-plan","status":"publish","type":"product","link":"https:\/\/ladderwp.com\/sv\/produkt\/underhall-ultimate-plan\/","title":{"rendered":"Underh\u00e5ll Ultimate Plan"},"content":{"rendered":"<p>F\u00f6r anpassade stora webbplatser.<\/p>\n","protected":false},"excerpt":{"rendered":"<p>Utformad f\u00f6r anpassade, storskaliga webbplatser med dagliga s\u00e4kerhetskopior, fullst\u00e4ndig optimering och prioriterad support 24\/7 f\u00f6r sinnesfrid.<\/p>\n","protected":false},"featured_media":16937,"comment_status":"open","ping_status":"closed","template":"","meta":{"_acf_changed":false},"product_brand":[],"product_cat":[175],"product_tag":[],"class_list":{"0":"post-16582","1":"product","2":"type-product","3":"status-publish","4":"has-post-thumbnail","6":"product_cat-okategoriserade","7":"entry","9":"first","10":"instock","11":"sold-individually","12":"taxable","13":"shipping-taxable","14":"purchasable","15":"product-type-variable-subscription"},"acf":[],"_links":{"self":[{"href":"https:\/\/ladderwp.com\/sv\/wp-json\/wp\/v2\/product\/16582","targetHints":{"allow":["GET"]}}],"collection":[{"href":"https:\/\/ladderwp.com\/sv\/wp-json\/wp\/v2\/product"}],"about":[{"href":"https:\/\/ladderwp.com\/sv\/wp-json\/wp\/v2\/types\/product"}],"replies":[{"embeddable":true,"href":"https:\/\/ladderwp.com\/sv\/wp-json\/wp\/v2\/comments?post=16582"}],"wp:featuredmedia":[{"embeddable":true,"href":"https:\/\/ladderwp.com\/sv\/wp-json\/wp\/v2\/media\/16937"}],"wp:attachment":[{"href":"https:\/\/ladderwp.com\/sv\/wp-json\/wp\/v2\/media?parent=16582"}],"wp:term":[{"taxonomy":"product_brand","embeddable":true,"href":"https:\/\/ladderwp.com\/sv\/wp-json\/wp\/v2\/product_brand?post=16582"},{"taxonomy":"product_cat","embeddable":true,"href":"https:\/\/ladderwp.com\/sv\/wp-json\/wp\/v2\/product_cat?post=16582"},{"taxonomy":"product_tag","embeddable":true,"href":"https:\/\/ladderwp.com\/sv\/wp-json\/wp\/v2\/product_tag?post=16582"}],"curies":[{"name":"wp","href":"https:\/\/api.w.org\/{rel}","templated":true}]}}