{"id":16531,"date":"2024-10-10T11:43:28","date_gmt":"2024-10-10T11:43:28","guid":{"rendered":"http:\/\/ladderwp.com\/villkor-och-anvisningar\/"},"modified":"2025-08-05T12:52:54","modified_gmt":"2025-08-05T12:52:54","slug":"villkor-och-anvisningar","status":"publish","type":"page","link":"https:\/\/ladderwp.com\/sv\/villkor-och-anvisningar\/","title":{"rendered":"Villkor och anvisningar"},"content":{"rendered":"\n<div style=\"height:50px\" aria-hidden=\"true\" class=\"wp-block-spacer\"><\/div>\n\n<h2 class=\"wp-block-heading\" id=\"h-terms-and-conditions\"><strong>Villkor och anvisningar<\/strong><\/h2>\n\n<p>V\u00e4lkommen till <a href=\"http:\/\/ladderwp.com\/\">LadderWP<\/a>!<\/p>\n\n<p>Genom att k\u00f6pa n\u00e5gon av v\u00e5ra underh\u00e5lls- och supporttj\u00e4nster f\u00f6r WordPress p\u00e5 prenumerationsbasis samtycker du till att f\u00f6lja dessa villkor. L\u00e4s igenom dem noggrant eftersom de inneh\u00e5ller viktig information om din prenumerationstj\u00e4nsts omfattning, SLA, betalningsvillkor med mera. <\/p>\n\n<div style=\"height:30px\" aria-hidden=\"true\" class=\"wp-block-spacer\"><\/div>\n\n<h3 class=\"wp-block-heading\" id=\"h-1-definitions\"><strong>1. Definitioner<\/strong><\/h3>\n\n<ul class=\"wp-block-list\">\n<li><strong>LadderWP<\/strong>: Avser LadderWP, tj\u00e4nsteleverant\u00f6ren (&#8221;vi&#8221;, &#8221;oss&#8221; eller &#8221;v\u00e5r&#8221;).<\/li>\n\n\n\n<li><strong>Best\u00e4llare<\/strong>: Den person, verksamhet eller enhet som k\u00f6per tj\u00e4nster av LadderWP.<\/li>\n\n\n\n<li><strong>Tj\u00e4nster<\/strong>: Avser de underh\u00e5lls- och supporttj\u00e4nster f\u00f6r WordPress som beskrivs i den valda underh\u00e5llsplanen, inklusive uppdateringar, s\u00e4kerhetskopior, s\u00e4kerhets\u00f6vervakning och prestandaoptimering.<\/li>\n\n\n\n<li><strong>Prenumeration<\/strong>: En \u00e5terkommande betalningsplan enligt vilken Kunden k\u00f6per l\u00f6pande underh\u00e5lls- och supporttj\u00e4nster.<\/li>\n\n\n\n<li><strong>Underbitr\u00e4de<\/strong>: Tredjepartsleverant\u00f6rer av tj\u00e4nster som anlitas f\u00f6r att hj\u00e4lpa till med uppgifter som s\u00e4kerhetskopiering, s\u00e4kerhets\u00f6vervakning och prestandaoptimering.<\/li>\n\n\n\n<li><strong>Personuppgifter<\/strong>: All personlig information som LadderWP behandlar f\u00f6r Kundens r\u00e4kning, enligt definitionen i den allm\u00e4nna dataskyddsf\u00f6rordningen (GDPR).<\/li>\n<\/ul>\n\n<div style=\"height:30px\" aria-hidden=\"true\" class=\"wp-block-spacer\"><\/div>\n\n<h3 class=\"wp-block-heading\" id=\"h-2-eligibility\"><strong>2. Beh\u00f6righet<\/strong><\/h3>\n\n<p>F\u00f6r att anv\u00e4nda LadderWP:s tj\u00e4nster m\u00e5ste du:<\/p>\n\n<ul class=\"wp-block-list\">\n<li>Vara minst 18 \u00e5r gammal.<\/li>\n\n\n\n<li>Har juridisk befogenhet att ing\u00e5 ett bindande avtal, antingen som enskild person eller som f\u00f6retr\u00e4dare f\u00f6r ett f\u00f6retag.<\/li>\n\n\n\n<li>Uppr\u00e4tth\u00e5lla giltiga och aktiva betalningsmetoder f\u00f6r f\u00f6rnyelse av tj\u00e4nster.<\/li>\n<\/ul>\n\n<div style=\"height:30px\" aria-hidden=\"true\" class=\"wp-block-spacer\"><\/div>\n\n<h3 class=\"wp-block-heading\" id=\"h-3-services-provided\"><strong>3. Tillhandah\u00e5llna tj\u00e4nster<\/strong><\/h3>\n\n<h4 class=\"wp-block-heading\" id=\"h-3-1-wordpress-maintenance-plans\"><strong>3.1 WordPress Underh\u00e5llsplaner<\/strong><\/h4>\n\n<p>LadderWP erbjuder olika abonnemangsbaserade underh\u00e5llsplaner f\u00f6r WordPress f\u00f6r att h\u00e5lla din webbplats optimerad, s\u00e4ker och effektiv. Dessa planer \u00e4r som f\u00f6ljer: <\/p>\n\n<ul class=\"wp-block-list\">\n<li><strong>PRO Plan<\/strong>:\n<ul class=\"wp-block-list\">\n<li><strong>Utvecklingstid<\/strong>: Inkluderar 2 timmars utvecklingstid per m\u00e5nad f\u00f6r mindre korrigeringar eller nya funktioner.<\/li>\n\n\n\n<li><strong>S\u00e4kerhetskopiering<\/strong>: Veckovisa s\u00e4kerhetskopior f\u00f6r att skydda dina data och din webbplats.<\/li>\n\n\n\n<li><strong>Uppdateringar<\/strong>: M\u00e5nadsvisa uppdateringar av WordPress-k\u00e4rnan, teman och plugins.<\/li>\n\n\n\n<li><strong>S\u00e4kerhet<\/strong>: Regelbunden s\u00e4kerhets\u00f6vervakning, inklusive grundl\u00e4ggande brandv\u00e4ggskonfiguration.<\/li>\n\n\n\n<li><strong>Support<\/strong>: E-postsupport med en svarstid p\u00e5 24 timmar. Biljettsystem tillg\u00e4ngligt f\u00f6r att sp\u00e5ra problem. <\/li>\n\n\n\n<li><strong>Rapportering<\/strong>: M\u00e5nadsrapport om uppdateringar, prestanda och s\u00e4kerhet.<\/li>\n\n\n\n<li><strong>\u00d6vervakning<\/strong>: 24\/7 \u00f6vervakning av drifttid f\u00f6r att s\u00e4kerst\u00e4lla webbplatsens tillg\u00e4nglighet.<\/li>\n<\/ul>\n<\/li>\n\n\n\n<li><strong>ULTRA Plan<\/strong>:\n<ul class=\"wp-block-list\">\n<li><strong>Utvecklingstid<\/strong>: Inkluderar 4 timmars utvecklingstid per m\u00e5nad f\u00f6r korrigeringar, f\u00f6rb\u00e4ttringar eller nya funktioner.<\/li>\n\n\n\n<li><strong>S\u00e4kerhetskopiering<\/strong>: Daglig s\u00e4kerhetskopiering f\u00f6r \u00f6kad datas\u00e4kerhet.<\/li>\n\n\n\n<li><strong>Uppdateringar<\/strong>: Uppdateringar varannan m\u00e5nad f\u00f6r WordPress-k\u00e4rnan, plugins och teman.<\/li>\n\n\n\n<li><strong>S\u00e4kerhet<\/strong>: F\u00f6rb\u00e4ttrad s\u00e4kerhet, inklusive skanning av skadlig programvara, brandv\u00e4gg och proaktiv uppt\u00e4ckt av s\u00e5rbarheter.<\/li>\n\n\n\n<li><strong>Optimering av prestanda<\/strong>: Cachelagring och bildkomprimering f\u00f6r f\u00f6rb\u00e4ttrad hastighet p\u00e5 webbplatsen.<\/li>\n\n\n\n<li><strong>Support<\/strong>: E-postsupport med en svarstid p\u00e5 12 timmar. Prioriterat \u00e4rendehanteringssystem med snabbare l\u00f6sning. <\/li>\n\n\n\n<li><strong>Databasoptimering<\/strong>: M\u00e5natlig databasoptimering f\u00f6r f\u00f6rb\u00e4ttrad prestanda.<\/li>\n\n\n\n<li><strong>Rapporter<\/strong>: Detaljerade m\u00e5natliga rapporter om prestanda, s\u00e4kerhet och uppdateringar.<\/li>\n\n\n\n<li><strong>\u00d6vervakning<\/strong>: 24\/7 drifttids\u00f6vervakning med varningar i realtid.<\/li>\n<\/ul>\n<\/li>\n\n\n\n<li><strong>ULTIMATE Plan<\/strong>:\n<ul class=\"wp-block-list\">\n<li><strong>Utvecklingstid<\/strong>: Inkluderar 8 timmars utvecklingstid per m\u00e5nad f\u00f6r korrigeringar, funktionsf\u00f6rb\u00e4ttringar eller f\u00f6rb\u00e4ttringar i st\u00f6rre skala.<\/li>\n\n\n\n<li><strong>S\u00e4kerhetskopiering<\/strong>: S\u00e4kerhetskopior i realtid f\u00f6r att s\u00e4kerst\u00e4lla att ingen data g\u00e5r f\u00f6rlorad.<\/li>\n\n\n\n<li><strong>Uppdateringar<\/strong>: Uppdateringar varje vecka f\u00f6r WordPress-k\u00e4rnan, plugins och teman.<\/li>\n\n\n\n<li><strong>S\u00e4kerhet<\/strong>: Avancerad s\u00e4kerhet, inklusive DDoS-skydd, realtidsskanning av skadlig programvara och fullst\u00e4ndigt brandv\u00e4ggsskydd.<\/li>\n\n\n\n<li><strong>Optimering av prestanda<\/strong>: Omfattande optimering med avancerad cachelagring, bildkomprimering och kodminifiering.<\/li>\n\n\n\n<li><strong>Support<\/strong>: Prioriterad support med svar inom 6 timmar. 24\/7 chattsupport f\u00f6r omedelbar hj\u00e4lp. <\/li>\n\n\n\n<li><strong>Databasoptimering<\/strong>: M\u00e5natlig databasoptimering f\u00f6r b\u00e4sta prestanda.<\/li>\n\n\n\n<li><strong>Rapporter<\/strong>: Veckovisa rapporter om prestanda, s\u00e4kerhet och uppdateringar.<\/li>\n\n\n\n<li><strong>\u00d6vervakning<\/strong>: 24\/7 drifttids\u00f6vervakning med realtidsvarningar och proaktiv probleml\u00f6sning.<\/li>\n<\/ul>\n<\/li>\n<\/ul>\n\n<h4 class=\"wp-block-heading\" id=\"h-3-2-backup-services\"><strong>3.2 S\u00e4kerhetskopieringstj\u00e4nster<\/strong><\/h4>\n\n<p>LadderWP tillhandah\u00e5ller automatiserade s\u00e4kerhetskopior baserat p\u00e5 den valda WordPress-underh\u00e5llsplanen (t.ex. varje vecka, dagligen, i realtid). S\u00e4kerhetskopiorna lagras s\u00e4kert i upp till 6 m\u00e5nader, vilket s\u00e4kerst\u00e4ller att data kan \u00e5terst\u00e4llas i h\u00e4ndelse av n\u00f6dsituationer eller dataf\u00f6rlust. Kunder kan n\u00e4r som helst beg\u00e4ra att data \u00e5terst\u00e4lls fr\u00e5n dessa s\u00e4kerhetskopior, med f\u00f6rbeh\u00e5ll f\u00f6r planens ers\u00e4ttningar.  <\/p>\n\n<h4 class=\"wp-block-heading\" id=\"h-3-3-additional-services\"><strong>3.3 Ytterligare tj\u00e4nster<\/strong><\/h4>\n\n<p>LadderWP erbjuder f\u00f6ljande till\u00e4ggstj\u00e4nster mot en extra kostnad:<\/p>\n\n<ul class=\"wp-block-list\">\n<li><strong>Migrering av webbplats<\/strong>: Hj\u00e4lp med att \u00f6verf\u00f6ra din webbplats till en annan hostingleverant\u00f6r eller milj\u00f6.<\/li>\n\n\n\n<li><strong>Malware Removal<\/strong>: Comprehensive malware cleaning in the event of an infection.<\/li>\n\n\n\n<li><strong>SEO-insikter<\/strong>: M\u00e5natliga eller kvartalsvisa SEO-rapporter som hj\u00e4lper dig att f\u00f6rb\u00e4ttra din webbplats synlighet i s\u00f6kmotorer.<\/li>\n\n\n\n<li><strong>Integrering av tredje part<\/strong>: Hj\u00e4lp med att integrera tredjepartsverktyg som CRM-system, betalningsgateways eller analysverktyg.<\/li>\n<\/ul>\n\n<p>Dessa till\u00e4ggstj\u00e4nster debiteras separat och ing\u00e5r inte i de vanliga abonnemangsavgifterna.<\/p>\n\n<h4 class=\"wp-block-heading\" id=\"h-3-4-hosting-and-domain-services\"><strong>3.4 Hosting- och dom\u00e4ntj\u00e4nster<\/strong><\/h4>\n\n<p>LadderWP erbjuder inte dom\u00e4nregistrering, DNS-hantering, hosting-tj\u00e4nster eller e-posttj\u00e4nster. Kunden \u00e4r ansvarig f\u00f6r att v\u00e4lja och underh\u00e5lla sin egen dom\u00e4n och hostingleverant\u00f6r. <\/p>\n\n<div style=\"height:30px\" aria-hidden=\"true\" class=\"wp-block-spacer\"><\/div>\n\n<h3 class=\"wp-block-heading\" id=\"h-4-client-responsibilities\"><strong>4. Kundens ansvarsomr\u00e5den<\/strong><\/h3>\n\n<p>F\u00f6r att s\u00e4kerst\u00e4lla en smidig tj\u00e4nsteleverans samtycker kunden till att:<\/p>\n\n<ul class=\"wp-block-list\">\n<li>Ge LadderWP full tillg\u00e5ng till WordPress-admin, FTP-uppgifter och kontrollpanelen f\u00f6r webbhotellet.<\/li>\n\n\n\n<li>Uppr\u00e4tth\u00e5lla giltiga licenser f\u00f6r premiumteman och plugins.<\/li>\n\n\n\n<li>Svara p\u00e5 f\u00f6rfr\u00e5gningar fr\u00e5n LadderWP i r\u00e4tt tid, s\u00e4rskilt i fall d\u00e4r s\u00e4kerhetsproblem identifieras.<\/li>\n\n\n\n<li>Se till att hostingen \u00e4r optimerad och uppfyller minimikraven f\u00f6r WordPress, inklusive PHP, databas och andra relevanta tekniker.<\/li>\n<\/ul>\n\n<p>Underl\u00e5tenhet att uppfylla dessa skyldigheter kan leda till f\u00f6rseningar eller avbrott i tj\u00e4nsten.<\/p>\n\n<div style=\"height:30px\" aria-hidden=\"true\" class=\"wp-block-spacer\"><\/div>\n\n<h3 class=\"wp-block-heading\" id=\"h-5-service-level-agreement-sla\"><strong>5. Avtal om serviceniv\u00e5 (SLA)<\/strong><\/h3>\n\n<h4 class=\"wp-block-heading\" id=\"h-5-1-response-times\"><strong>5.1 Svarstider<\/strong><\/h4>\n\n<p>LadderWP garanterar f\u00f6ljande svarstider baserat p\u00e5 vald plan:<\/p>\n\n<ul class=\"wp-block-list\">\n<li><strong>PRO-plan<\/strong>: Svar p\u00e5 support\u00e4renden inom 24 timmar under normal arbetstid (m\u00e5ndag till fredag).<\/li>\n\n\n\n<li><strong>ULTRA Plan<\/strong>: Svar p\u00e5 support\u00e4renden inom 12 timmar under normal arbetstid (m\u00e5ndag till fredag).<\/li>\n\n\n\n<li><strong>ULTIMATE Plan<\/strong>: Svar p\u00e5 support\u00e4renden inom 6 timmar. 24\/7 chattsupport f\u00f6r omedelbar hj\u00e4lp. <\/li>\n<\/ul>\n\n<h4 class=\"wp-block-heading\" id=\"h-5-2-resolution-times\"><strong>5.2 Tidpunkter f\u00f6r uppl\u00f6sning<\/strong><\/h4>\n\n<p>LadderWP str\u00e4var efter att l\u00f6sa alla \u00e4renden inom f\u00f6ljande tidsramar:<\/p>\n\n<ul class=\"wp-block-list\">\n<li><strong>PRO-plan<\/strong>: L\u00e5gprioriterade problem l\u00f6ses inom 3-5 arbetsdagar.<\/li>\n\n\n\n<li><strong>ULTRA Plan<\/strong>: Fr\u00e5gor med l\u00e5g till medelh\u00f6g prioritet l\u00f6ses inom 1-3 arbetsdagar.<\/li>\n\n\n\n<li><strong>ULTIMATE Plan<\/strong>: Alla problem, inklusive h\u00f6gprioriterade s\u00e4kerhets- eller prestandaproblem, l\u00f6ses inom 24 timmar (eller eskaleras till prioritet f\u00f6r omedelbar uppm\u00e4rksamhet).<\/li>\n<\/ul>\n\n<h4 class=\"wp-block-heading\" id=\"h-5-3-performance-guarantees\"><strong>5.3 Prestandagarantier<\/strong><\/h4>\n\n<ul class=\"wp-block-list\">\n<li><strong>\u00d6vervakning av upptid<\/strong>: LadderWP garanterar 99,9% noggrannhet f\u00f6r \u00f6vervakning av upptid, vilket s\u00e4kerst\u00e4ller realtidssp\u00e5rning av webbplatsens tillg\u00e4nglighet.<\/li>\n\n\n\n<li><strong>S\u00e4kerhet<\/strong>: LadderWP \u00e5tar sig att proaktivt \u00f6vervaka och varna f\u00f6r s\u00e4kerhet, inklusive att \u00e5tg\u00e4rda s\u00e5rbarheter s\u00e5 snart de uppt\u00e4cks, med eskalering vid kritiska hot.<\/li>\n\n\n\n<li><strong>S\u00e4kerhetskopiering<\/strong>: S\u00e4kerhetskopiering av data schemal\u00e4ggs enligt den valda planen, vilket s\u00e4kerst\u00e4ller snabb \u00e5terst\u00e4llning vid dataf\u00f6rlust eller korruption.<\/li>\n<\/ul>\n\n<div style=\"height:30px\" aria-hidden=\"true\" class=\"wp-block-spacer\"><\/div>\n\n<h3 class=\"wp-block-heading\" id=\"h-6-payment-terms\"><strong>6. Betalningsvillkor<\/strong><\/h3>\n\n<h4 class=\"wp-block-heading\" id=\"h-6-1-subscription-fees\"><strong>6.1 Abonnemangsavgifter<\/strong><\/h4>\n\n<p>Alla prenumerationsplaner (PRO, ULTRA, ULTIMATE) faktureras i f\u00f6rv\u00e4g p\u00e5 en \u00e5terkommande basis, antingen m\u00e5nadsvis, kvartalsvis eller \u00e5rligen, beroende p\u00e5 Kundens val vid registreringen.<\/p>\n\n<ul class=\"wp-block-list\">\n<li>Betalningar m\u00e5ste g\u00f6ras i EURO.<\/li>\n\n\n\n<li>Ytterligare tj\u00e4nster som beg\u00e4rs utanf\u00f6r ramen f\u00f6r standardplanen (t.ex. support i n\u00f6dsituationer eller anpassad utveckling) medf\u00f6r extra kostnader och faktureras separat.<\/li>\n\n\n\n<li>Kunden f\u00e5r fakturan senast 7 dagar f\u00f6re f\u00f6rfallodagen.<\/li>\n<\/ul>\n\n<h4 class=\"wp-block-heading\" id=\"h-6-2-refunds\"><strong>6.2 \u00c5terbetalningar<\/strong><\/h4>\n\n<ul class=\"wp-block-list\">\n<li><strong>30 dagars pengarna-tillbaka-garanti<\/strong>: LadderWP erbjuder en 30-dagars pengarna-tillbaka-garanti f\u00f6r kunder som inte \u00e4r n\u00f6jda med tj\u00e4nsten. Beg\u00e4ran om \u00e5terbetalning m\u00e5ste l\u00e4mnas in skriftligen inom 30 dagar fr\u00e5n det att abonnemanget p\u00e5b\u00f6rjats. <\/li>\n\n\n\n<li><strong>Inga \u00e5terbetalningar efter 30 dagar<\/strong>: Betalningar som g\u00f6rs efter 30-dagarsperioden \u00e5terbetalas inte utom i de fall LadderWP inte levererar tj\u00e4nster enligt SLA.<\/li>\n<\/ul>\n\n<h4 class=\"wp-block-heading\" id=\"h-6-3-late-payments\"><strong>6.3 Sena betalningar<\/strong><\/h4>\n\n<p>Om betalning inte erh\u00e5lls senast p\u00e5 f\u00f6rfallodagen f\u00f6rbeh\u00e5ller sig LadderWP r\u00e4tten att:<\/p>\n\n<ul class=\"wp-block-list\">\n<li>Avbryta tj\u00e4nsterna tills betalning sker.<\/li>\n\n\n\n<li>Ta ut r\u00e4nta p\u00e5 f\u00f6rfallna saldon till en r\u00e4ntesats som fastst\u00e4lls enligt branschstandard.<\/li>\n\n\n\n<li>Avsluta tj\u00e4nsterna helt och h\u00e5llet om betalning inte erh\u00e5llits inom 30 dagar fr\u00e5n f\u00f6rfallodagen (se avsnitt 11 om upps\u00e4gning).<\/li>\n<\/ul>\n\n<div style=\"height:30px\" aria-hidden=\"true\" class=\"wp-block-spacer\"><\/div>\n\n<h3 class=\"wp-block-heading\" id=\"h-7-fair-use-policy\"><strong>7. Policy f\u00f6r r\u00e4ttvis anv\u00e4ndning<\/strong><\/h3>\n\n<p>F\u00f6r WordPress-underh\u00e5llsplaner som inkluderar &#8221;obegr\u00e4nsad&#8221; support, till exempel obegr\u00e4nsade redigeringar eller uppgifter, arbetar LadderWP enligt en policy f\u00f6r r\u00e4ttvis anv\u00e4ndning. Denna policy s\u00e4kerst\u00e4ller att klienter f\u00e5r rimlig anv\u00e4ndning av support utan \u00f6verdriven eller missbrukande anv\u00e4ndning av resurser. LadderWP kan rekommendera uppgradering till en h\u00f6gre plan eller inf\u00f6ra ytterligare avgifter om policyn f\u00f6r r\u00e4ttvis anv\u00e4ndning bryts.  <\/p>\n\n<div style=\"height:30px\" aria-hidden=\"true\" class=\"wp-block-spacer\"><\/div>\n\n<h3 class=\"wp-block-heading\" id=\"h-8-sub-processors\"><strong>8. Underprocessorer<\/strong><\/h3>\n\n<p>LadderWP anv\u00e4nder tredjepartsleverant\u00f6rer (underprocessorer) f\u00f6r att hj\u00e4lpa till med vissa uppgifter s\u00e5som s\u00e4kerhets\u00f6vervakning, s\u00e4kerhetskopiering och prestandaoptimering. Genom att anv\u00e4nda LadderWP:s tj\u00e4nster samtycker Kunden till att dessa underbitr\u00e4den anv\u00e4nds vid behov. <\/p>\n\n<div style=\"height:30px\" aria-hidden=\"true\" class=\"wp-block-spacer\"><\/div>\n\n<h3 class=\"wp-block-heading\" id=\"h-9-limitation-of-liability\"><strong>9. Begr\u00e4nsning av ansvar<\/strong><\/h3>\n\n<p>LadderWP kommer att vidta alla rimliga \u00e5tg\u00e4rder f\u00f6r att underh\u00e5lla och s\u00e4kra din webbplats. LadderWP \u00e4r dock inte ansvarigt f\u00f6r: <\/p>\n\n<ul class=\"wp-block-list\">\n<li>Indirekta, tillf\u00e4lliga eller f\u00f6ljdf\u00f6rluster, s\u00e5som dataf\u00f6rlust, int\u00e4ktsf\u00f6rlust eller avbrott i verksamheten.<\/li>\n\n\n\n<li>Prestandaproblem relaterade till plugins fr\u00e5n tredje part eller hostingleverant\u00f6rer som inte \u00e4r under LadderWPs kontroll.<\/li>\n\n\n\n<li>LadderWP:s totala ansvar \u00e4r begr\u00e4nsat till det belopp som Kunden betalat f\u00f6r tj\u00e4nster under de senaste 12 m\u00e5naderna.<\/li>\n<\/ul>\n\n<div style=\"height:30px\" aria-hidden=\"true\" class=\"wp-block-spacer\"><\/div>\n\n<h3 class=\"wp-block-heading\" id=\"h-10-data-protection-and-privacy\"><strong>10. Dataskydd och integritet<\/strong><\/h3>\n\n<p>LadderWP f\u00f6ljer GDPR och andra relevanta dataskyddslagar. Personuppgifter kommer endast att behandlas i den utstr\u00e4ckning som kr\u00e4vs f\u00f6r att tillhandah\u00e5lla tj\u00e4nster och uppr\u00e4tth\u00e5lla l\u00e4mpliga s\u00e4kerhets\u00e5tg\u00e4rder. F\u00f6r ytterligare information, se v\u00e5r integritetspolicy.  <\/p>\n\n<div style=\"height:30px\" aria-hidden=\"true\" class=\"wp-block-spacer\"><\/div>\n\n<h3 class=\"wp-block-heading\" id=\"h-11-cancellation-and-termination\"><strong>11. \u00c5terkallelse och upps\u00e4gning<\/strong><\/h3>\n\n<h4 class=\"wp-block-heading\" id=\"h-11-1-client-cancellation\"><strong>11.1 Kundens upps\u00e4gning<\/strong><\/h4>\n\n<p>Kunden kan n\u00e4r som helst s\u00e4ga upp sitt abonnemang med 30 dagars skriftligt varsel. Avbokningar inom 30-dagars \u00e5terbetalningsgarantiperioden resulterar i full \u00e5terbetalning. Avbest\u00e4llningar efter denna period \u00e5terbetalas inte och tj\u00e4nsterna forts\u00e4tter till slutet av den aktuella faktureringscykeln.  <\/p>\n\n<h4 class=\"wp-block-heading\" id=\"h-11-2-ladderwp-termination\"><strong>11.2 Avslutning av LadderWP<\/strong><\/h4>\n\n<p>LadderWP f\u00f6rbeh\u00e5ller sig r\u00e4tten att omedelbart avsluta tj\u00e4nster om:<\/p>\n\n<ul class=\"wp-block-list\">\n<li>Kunden underl\u00e5ter att g\u00f6ra betalningar i r\u00e4tt tid.<\/li>\n\n\n\n<li>Kundens webbplats utg\u00f6r en s\u00e4kerhetsrisk f\u00f6r andra kunder eller bryter mot till\u00e4mpliga lagar eller f\u00f6rordningar.<\/li>\n<\/ul>\n\n<p>Vid upps\u00e4gning ansvarar LadderWP inte l\u00e4ngre f\u00f6r att uppr\u00e4tth\u00e5lla eller s\u00e4kra webbplatsen.<\/p>\n\n<div style=\"height:30px\" aria-hidden=\"true\" class=\"wp-block-spacer\"><\/div>\n\n<h3 class=\"wp-block-heading\" id=\"h-12-intellectual-property\"><strong>12. Intellektuell egendom<\/strong><\/h3>\n\n<p>Kunden garanterar att allt inneh\u00e5ll, varum\u00e4rken och immateriella r\u00e4ttigheter som anv\u00e4nds p\u00e5 webbplatsen tillh\u00f6r dem eller att de har erh\u00e5llit n\u00f6dv\u00e4ndiga tillst\u00e5nd. Kunden f\u00f6rbinder sig att h\u00e5lla LadderWP skadesl\u00f6s vid eventuella tvister eller brott mot immateriella r\u00e4ttigheter. <\/p>\n\n<div style=\"height:30px\" aria-hidden=\"true\" class=\"wp-block-spacer\"><\/div>\n\n<h3 class=\"wp-block-heading\" id=\"h-13-warranties\"><strong>13. Garantier<\/strong><\/h3>\n\n<p>LadderWP tillhandah\u00e5ller tj\u00e4nster i befintligt skick utan n\u00e5gra garantier avseende:<\/p>\n\n<ul class=\"wp-block-list\">\n<li>Oavbruten drifttid eller service.<\/li>\n\n\n\n<li>Fullt skydd mot alla s\u00e4kerhetsbrister, \u00e4ven om vi vidtar alla rimliga \u00e5tg\u00e4rder f\u00f6r att s\u00e4kra din webbplats.<\/li>\n\n\n\n<li>Prestanda f\u00f6r plugins, teman eller v\u00e4rdtj\u00e4nster fr\u00e5n tredje part.<\/li>\n<\/ul>\n\n<div style=\"height:30px\" aria-hidden=\"true\" class=\"wp-block-spacer\"><\/div>\n\n<h3 class=\"wp-block-heading\" id=\"h-14-governing-law\"><strong>14. Till\u00e4mplig lag<\/strong><\/h3>\n\n<p>Dessa villkor regleras av<a href=\"https:\/\/en.wikipedia.org\/wiki\/European_Union_law\" target=\"_blank\" rel=\"noopener\"> lagarna i Europeiska unionen<\/a>, och eventuella tvister som uppst\u00e5r till f\u00f6ljd av detta avtal kommer att omfattas av den exklusiva jurisdiktionen f\u00f6r domstolarna i Europeiska unionen.<\/p>\n\n<div style=\"height:30px\" aria-hidden=\"true\" class=\"wp-block-spacer\"><\/div>\n\n<h3 class=\"wp-block-heading\" id=\"h-15-amendments\"><strong>15. \u00c4ndringsf\u00f6rslag<\/strong><\/h3>\n\n<p>LadderWP f\u00f6rbeh\u00e5ller sig r\u00e4tten att n\u00e4r som helst \u00e4ndra dessa villkor. Kunder kommer att meddelas om eventuella \u00e4ndringar och fortsatt anv\u00e4ndning av tj\u00e4nsterna inneb\u00e4r att de uppdaterade villkoren accepteras. <\/p>\n\n<div style=\"height:100px\" aria-hidden=\"true\" class=\"wp-block-spacer\"><\/div>\n","protected":false},"excerpt":{"rendered":"<p>Villkor och anvisningar V\u00e4lkommen till LadderWP! Genom att k\u00f6pa n\u00e5gon av v\u00e5ra underh\u00e5lls- och supporttj\u00e4nster f\u00f6r WordPress p\u00e5 prenumerationsbasis samtycker du till att f\u00f6lja dessa villkor. L\u00e4s igenom dem noggrant eftersom de inneh\u00e5ller viktig information om din prenumerationstj\u00e4nsts omfattning, SLA, betalningsvillkor med mera. 1. Definitioner 2. Beh\u00f6righet F\u00f6r att anv\u00e4nda LadderWP:s tj\u00e4nster m\u00e5ste du: 3.&hellip; <a class=\"more-link\" href=\"https:\/\/ladderwp.com\/sv\/villkor-och-anvisningar\/\">Continue reading <span class=\"screen-reader-text\">Villkor och anvisningar<\/span><\/a><\/p>\n","protected":false},"author":1,"featured_media":0,"parent":0,"menu_order":0,"comment_status":"closed","ping_status":"closed","template":"align-wide-template.php","meta":{"_acf_changed":false,"footnotes":""},"class_list":["post-16531","page","type-page","status-publish","hentry","entry"],"acf":[],"_links":{"self":[{"href":"https:\/\/ladderwp.com\/sv\/wp-json\/wp\/v2\/pages\/16531","targetHints":{"allow":["GET"]}}],"collection":[{"href":"https:\/\/ladderwp.com\/sv\/wp-json\/wp\/v2\/pages"}],"about":[{"href":"https:\/\/ladderwp.com\/sv\/wp-json\/wp\/v2\/types\/page"}],"author":[{"embeddable":true,"href":"https:\/\/ladderwp.com\/sv\/wp-json\/wp\/v2\/users\/1"}],"replies":[{"embeddable":true,"href":"https:\/\/ladderwp.com\/sv\/wp-json\/wp\/v2\/comments?post=16531"}],"version-history":[{"count":2,"href":"https:\/\/ladderwp.com\/sv\/wp-json\/wp\/v2\/pages\/16531\/revisions"}],"predecessor-version":[{"id":18599,"href":"https:\/\/ladderwp.com\/sv\/wp-json\/wp\/v2\/pages\/16531\/revisions\/18599"}],"wp:attachment":[{"href":"https:\/\/ladderwp.com\/sv\/wp-json\/wp\/v2\/media?parent=16531"}],"curies":[{"name":"wp","href":"https:\/\/api.w.org\/{rel}","templated":true}]}}