{"id":16480,"date":"2024-10-03T07:57:13","date_gmt":"2024-10-03T07:57:13","guid":{"rendered":"http:\/\/ladderwp.com\/underhallsplaner-och-priser-for-wordpress\/"},"modified":"2025-08-05T12:53:02","modified_gmt":"2025-08-05T12:53:02","slug":"underhallsplaner-och-priser-for-wordpress","status":"publish","type":"page","link":"https:\/\/ladderwp.com\/sv\/underhallsplaner-och-priser-for-wordpress\/","title":{"rendered":"Underh\u00e5llsplaner och priser f\u00f6r WordPress"},"content":{"rendered":"\n<div style=\"height:100px\" aria-hidden=\"true\" class=\"wp-block-spacer\"><\/div>\n\n<div id=\"plans&amp;pricing\" class=\"wp-block-group\" style=\"padding-right:0;padding-left:0\"><div class=\"wp-block-group__inner-container is-layout-constrained wp-container-core-group-is-layout-a7c31ef8 wp-block-group-is-layout-constrained\">\n<div class=\"container-1400 m-0-auto\" role=\"region\" aria-labelledby=\"pricing-title\">\n    <div class=\"p-relative flex-simple flex-column align-items-center\">\n        <div class=\"limited-offer flex-simple\" role=\"alert\">\n                <span class=\"flash-icon\" aria-hidden=\"true\"><\/span>\n                <span class=\"flash-icon\" aria-hidden=\"true\"><\/span>\n                <p>Begr\u00e4nsad tid rea<\/p> \n            <\/div>        <h1 id=\"pricing-title\" class=\"pricing-title\">Planer och priser<\/h1>\n        <h5 class=\"pricing-subtitle light container-600\" role=\"contentinfo\">Utforska LadderWP:s underh\u00e5llsplaner och priser f\u00f6r WordPress. S\u00e4kra, optimera och uppdatera din webbplats med \u00f6verkomliga priser. <\/h5>\n    <\/div>\n<\/div>\n\n<div class=\"pricing-toggle\" aria-label=\"Toggle pricing view\">\n    <label class=\"switch\">\n        <input type=\"checkbox\" id=\"pricing-switch\" role=\"switch\" aria-checked=\"false\">\n        <span class=\"slider round\">\n            <span class=\"switch-label annually\" role=\"button\" aria-pressed=\"false\"> \u00c5rlig <\/span>\n            <span class=\"switch-label monthly\" role=\"button\" aria-pressed=\"true\">Maanadsvis<\/span>\n        <\/span>\n    <\/label>\n<\/div>\n\n<div class=\"pricing-description\" role=\"contentinfo\"><p>Spara 20% med \u00e5rlig betalning<\/p>\n<\/div>\n\n<div class=\"package-wrapper container-1400 m-0-auto flex-row flex-simple\" role=\"region\" aria-labelledby=\"pricing-title\"><div class=\"package-tabs flex-simple flex-row\" id=\"package-tabs\" role=\"tablist\"><button class=\"tab-link\" data-tab=\"tab-0\" role=\"tab\" aria-controls=\"tab-0\" aria-selected=\"false\">Ultimate<\/button><button class=\"tab-link\" data-tab=\"tab-1\" role=\"tab\" aria-controls=\"tab-1\" aria-selected=\"false\">Ultra<\/button><button class=\"tab-link\" data-tab=\"tab-2\" role=\"tab\" aria-controls=\"tab-2\" aria-selected=\"false\">Pro<\/button><\/div><div class=\"packages-grid flex-simple\" role=\"tabpanel\">\n        <div id=\"tab-0\"\n            class=\"tab-content package-card flex-33-gap-30 \" role=\"tabpanel\">\n                        <div class=\"wrapper\">\n                <h3 class=\"package-title text-align-center\" role=\"heading\" aria-level=\"3\">Ultimate<\/h3>\n                <div class=\"product-info\">\n                    <div class=\"flex-simple justify-content-center\">\n                        <h1 class=\"m-0 w-100\" aria-live=\"polite\">\n                            <span class=\"monthly-price\">\n\n                                <div class=\"price-wrapper flex-simple justify-content-center align-items-flex-end\">\n                                    <span class=\"woocommerce-Price-amount amount\"><bdi><span class=\"woocommerce-Price-currencySymbol\">&#36;<\/span>175<\/bdi><\/span>\n                                    <p class=\"billing-method\" aria-live=\"polite\"> \/ m\u00e5nad <\/p>\n                                <\/div>\n                                \n                                <div class=\"billing-method-switcher extra-list-item\">\n                                    <p class=\"billing-method-text\" aria-live=\"polite\">\n                                        <span class=\"yearly-price-text\">\n                                            <span class=\"woocommerce-Price-amount amount\"><bdi><span class=\"woocommerce-Price-currencySymbol\">&#36;<\/span>0<\/bdi><\/span><span\n                                                class=\"billing-method\">Faktureras m\u00e5nadsvis<\/span>\n                                        <\/span>\n                                    <\/p>\n                                <\/div>\n\n                            <\/span>\n\n\n                            <span class=\"yearly-price\">\n                                <div class=\"price-wrapper flex-simple justify-content-center align-items-flex-end\">\n                                    <span class=\"woocommerce-Price-amount amount\"><bdi><span class=\"woocommerce-Price-currencySymbol\">&#36;<\/span>139<\/bdi><\/span>\n                                    <p class=\"billing-method\" aria-live=\"polite\"> \/ m\u00e5nad <\/p>\n\n                                <\/div>\n                                \n                                <div class=\"billing-method-switcher extra-list-item\">\n                                    <p class=\"billing-method-text\" aria-live=\"polite\">\n                                        <span class=\"yearly-price-text\">\n                                            <span class=\"woocommerce-Price-amount amount\"><bdi><span class=\"woocommerce-Price-currencySymbol\">&#36;<\/span>1.668<\/bdi><\/span><span\n                                                class=\"billing-method\">Faktureras \u00e5rsvis<\/span>\n                                        <\/span>\n                                    <\/p>\n                                <\/div>\n\n                            <\/span>\n\n                        <\/h1>\n                    <\/div>\n                <\/div>\n\n                <p class=\"long-description\">F\u00f6r anpassade stora webbplatser.<\/p>\n                <div class=\"features-list flex-simple flex-column\" role=\"list\">\n                                                                        <p class=\"feature-item included\" role=\"listitem\">\n                                Support &amp; Utveckling &#8211; 8h                                                            <\/p>\n                                                    <p class=\"feature-item included\" role=\"listitem\">\n                                Dagliga s\u00e4kerhetskopior                                                            <\/p>\n                                                    <p class=\"feature-item included\" role=\"listitem\">\n                                Uppdateringar varje vecka                                                            <\/p>\n                                                    <p class=\"feature-item included\" role=\"listitem\">\n                                Avancerad s\u00e4kerhet                                                            <\/p>\n                                                    <p class=\"feature-item included\" role=\"listitem\">\n                                24\/7 chatt- och biljettsupport                                                            <\/p>\n                                                    <p class=\"feature-item included\" role=\"listitem\">\n                                Fullst\u00e4ndig optimering                                                            <\/p>\n                                                    <p class=\"feature-item included\" role=\"listitem\">\n                                Prioriterad support 24\/7                                                            <\/p>\n                                                            <\/div>\n\n                <p class=\"short-description\">Utformad f\u00f6r anpassade, storskaliga webbplatser med dagliga s\u00e4kerhetskopior, fullst\u00e4ndig optimering och prioriterad support 24\/7 f\u00f6r sinnesfrid.<\/p>            <\/div>\n\n            <div class=\"container-end flex-simple flex-column\">\n                <div class=\"flex-simple justify-content-center\">\n                    <a href=\"#\" class=\"cta-regular-b-g add-to-cart\"\n                        data-monthly-id=\"16583\"\n                        data-yearly-id=\"16584\"\n                        data-product-id=\"16582\"\n                        role=\"button\" aria-label=\"V\u00e4lj plan\">\n                        V\u00e4lj plan                    <\/a>\n                <\/div>\n            <\/div>\n        <\/div>\n        \n        <div id=\"tab-1\"\n            class=\"tab-content package-card flex-33-gap-30 popular-price\" role=\"tabpanel\">\n                            <div class=\"popular-price-label\" aria-live=\"polite\">Popul\u00e4rt pris <\/div>\n                        <div class=\"wrapper\">\n                <h3 class=\"package-title text-align-center\" role=\"heading\" aria-level=\"3\">Ultra<\/h3>\n                <div class=\"product-info\">\n                    <div class=\"flex-simple justify-content-center\">\n                        <h1 class=\"m-0 w-100\" aria-live=\"polite\">\n                            <span class=\"monthly-price\">\n\n                                <div class=\"price-wrapper flex-simple justify-content-center align-items-flex-end\">\n                                    <span class=\"woocommerce-Price-amount amount\"><bdi><span class=\"woocommerce-Price-currencySymbol\">&#36;<\/span>125<\/bdi><\/span>\n                                    <p class=\"billing-method\" aria-live=\"polite\"> \/ m\u00e5nad <\/p>\n                                <\/div>\n                                \n                                <div class=\"billing-method-switcher extra-list-item\">\n                                    <p class=\"billing-method-text\" aria-live=\"polite\">\n                                        <span class=\"yearly-price-text\">\n                                            <span class=\"woocommerce-Price-amount amount\"><bdi><span class=\"woocommerce-Price-currencySymbol\">&#36;<\/span>1.668<\/bdi><\/span><span\n                                                class=\"billing-method\">Faktureras m\u00e5nadsvis<\/span>\n                                        <\/span>\n                                    <\/p>\n                                <\/div>\n\n                            <\/span>\n\n\n                            <span class=\"yearly-price\">\n                                <div class=\"price-wrapper flex-simple justify-content-center align-items-flex-end\">\n                                    <span class=\"woocommerce-Price-amount amount\"><bdi><span class=\"woocommerce-Price-currencySymbol\">&#36;<\/span>99<\/bdi><\/span>\n                                    <p class=\"billing-method\" aria-live=\"polite\"> \/ m\u00e5nad <\/p>\n\n                                <\/div>\n                                \n                                <div class=\"billing-method-switcher extra-list-item\">\n                                    <p class=\"billing-method-text\" aria-live=\"polite\">\n                                        <span class=\"yearly-price-text\">\n                                            <span class=\"woocommerce-Price-amount amount\"><bdi><span class=\"woocommerce-Price-currencySymbol\">&#36;<\/span>1.184<\/bdi><\/span><span\n                                                class=\"billing-method\">Faktureras \u00e5rsvis<\/span>\n                                        <\/span>\n                                    <\/p>\n                                <\/div>\n\n                            <\/span>\n\n                        <\/h1>\n                    <\/div>\n                <\/div>\n\n                <p class=\"long-description\">F\u00f6r medelstora och stora webbplatser.<\/p>\n                <div class=\"features-list flex-simple flex-column\" role=\"list\">\n                                                                        <p class=\"feature-item included\" role=\"listitem\">\n                                Support &amp; Utveckling &#8211; 4h                                                            <\/p>\n                                                    <p class=\"feature-item included\" role=\"listitem\">\n                                S\u00e4kerhetskopiering varje vecka                                                            <\/p>\n                                                    <p class=\"feature-item included\" role=\"listitem\">\n                                Uppdateringar varannan m\u00e5nad                                                            <\/p>\n                                                    <p class=\"feature-item included\" role=\"listitem\">\n                                F\u00f6rb\u00e4ttrad s\u00e4kerhet                                                            <\/p>\n                                                    <p class=\"feature-item included\" role=\"listitem\">\n                                Support f\u00f6r biljetter                                                            <\/p>\n                                                    <p class=\"feature-item included\" role=\"listitem\">\n                                Avancerad optimering                                                            <\/p>\n                                                    <p class=\"feature-item included\" role=\"listitem\">\n                                Prioriterad e-postsupport &#8211; 12 timmar                                                            <\/p>\n                                                            <\/div>\n\n                <p class=\"short-description\">Perfekt f\u00f6r medelstora till stora webbplatser, med avancerad s\u00e4kerhet, prioriterad support och uppdateringar varannan m\u00e5nad.<\/p>            <\/div>\n\n            <div class=\"container-end flex-simple flex-column\">\n                <div class=\"flex-simple justify-content-center\">\n                    <a href=\"#\" class=\"cta-regular-b-g add-to-cart\"\n                        data-monthly-id=\"16586\"\n                        data-yearly-id=\"16587\"\n                        data-product-id=\"16585\"\n                        role=\"button\" aria-label=\"V\u00e4lj plan\">\n                        V\u00e4lj plan                    <\/a>\n                <\/div>\n            <\/div>\n        <\/div>\n        \n        <div id=\"tab-2\"\n            class=\"tab-content package-card flex-33-gap-30 \" role=\"tabpanel\">\n                        <div class=\"wrapper\">\n                <h3 class=\"package-title text-align-center\" role=\"heading\" aria-level=\"3\">Pro<\/h3>\n                <div class=\"product-info\">\n                    <div class=\"flex-simple justify-content-center\">\n                        <h1 class=\"m-0 w-100\" aria-live=\"polite\">\n                            <span class=\"monthly-price\">\n\n                                <div class=\"price-wrapper flex-simple justify-content-center align-items-flex-end\">\n                                    <span class=\"woocommerce-Price-amount amount\"><bdi><span class=\"woocommerce-Price-currencySymbol\">&#36;<\/span>95<\/bdi><\/span>\n                                    <p class=\"billing-method\" aria-live=\"polite\"> \/ m\u00e5nad <\/p>\n                                <\/div>\n                                \n                                <div class=\"billing-method-switcher extra-list-item\">\n                                    <p class=\"billing-method-text\" aria-live=\"polite\">\n                                        <span class=\"yearly-price-text\">\n                                            <span class=\"woocommerce-Price-amount amount\"><bdi><span class=\"woocommerce-Price-currencySymbol\">&#36;<\/span>1.184<\/bdi><\/span><span\n                                                class=\"billing-method\">Faktureras m\u00e5nadsvis<\/span>\n                                        <\/span>\n                                    <\/p>\n                                <\/div>\n\n                            <\/span>\n\n\n                            <span class=\"yearly-price\">\n                                <div class=\"price-wrapper flex-simple justify-content-center align-items-flex-end\">\n                                    <span class=\"woocommerce-Price-amount amount\"><bdi><span class=\"woocommerce-Price-currencySymbol\">&#36;<\/span>79<\/bdi><\/span>\n                                    <p class=\"billing-method\" aria-live=\"polite\"> \/ m\u00e5nad <\/p>\n\n                                <\/div>\n                                \n                                <div class=\"billing-method-switcher extra-list-item\">\n                                    <p class=\"billing-method-text\" aria-live=\"polite\">\n                                        <span class=\"yearly-price-text\">\n                                            <span class=\"woocommerce-Price-amount amount\"><bdi><span class=\"woocommerce-Price-currencySymbol\">&#36;<\/span>948<\/bdi><\/span><span\n                                                class=\"billing-method\">Faktureras \u00e5rsvis<\/span>\n                                        <\/span>\n                                    <\/p>\n                                <\/div>\n\n                            <\/span>\n\n                        <\/h1>\n                    <\/div>\n                <\/div>\n\n                <p class=\"long-description\">F\u00f6r sm\u00e5 och medelstora webbplatser.<\/p>\n                <div class=\"features-list flex-simple flex-column\" role=\"list\">\n                                                                        <p class=\"feature-item included\" role=\"listitem\">\n                                Support &amp; utveckling &#8211; 2h                                                            <\/p>\n                                                    <p class=\"feature-item included\" role=\"listitem\">\n                                M\u00e5natliga s\u00e4kerhetskopior                                                            <\/p>\n                                                    <p class=\"feature-item included\" role=\"listitem\">\n                                M\u00e5natliga uppdateringar                                                            <\/p>\n                                                    <p class=\"feature-item included\" role=\"listitem\">\n                                S\u00e4kerhets\u00f6vervakning                                                            <\/p>\n                                                    <p class=\"feature-item included\" role=\"listitem\">\n                                Viktig optimering                                                            <\/p>\n                                                    <p class=\"feature-item included\" role=\"listitem\">\n                                Support f\u00f6r biljetter                                                            <\/p>\n                                                    <p class=\"feature-item included\" role=\"listitem\">\n                                Support via e-post &#8211; 24 timmar                                                            <\/p>\n                                                            <\/div>\n\n                <p class=\"short-description\">Perfekt f\u00f6r sm\u00e5 och medelstora webbplatser, med viktig support, s\u00e4kerhet och optimering f\u00f6r stabil prestanda.<\/p>            <\/div>\n\n            <div class=\"container-end flex-simple flex-column\">\n                <div class=\"flex-simple justify-content-center\">\n                    <a href=\"#\" class=\"cta-regular-b-g add-to-cart\"\n                        data-monthly-id=\"16598\"\n                        data-yearly-id=\"16599\"\n                        data-product-id=\"16597\"\n                        role=\"button\" aria-label=\"V\u00e4lj plan\">\n                        V\u00e4lj plan                    <\/a>\n                <\/div>\n            <\/div>\n        <\/div>\n        <\/div><\/div><\/div><\/div>\n\n<div style=\"height:50px\" aria-hidden=\"true\" class=\"wp-block-spacer\"><\/div>\n\n<div class=\"container-1140 m-0-auto\" role=\"presentation\">\n    <div class=\"thrust-badge\" role=\"region\" aria-labelledby=\"thrust-badge-title\">\n        <div class=\"image-text-wrapper flex-simple justify-content-center align-items-center\" role=\"presentation\">\n            <div class=\"icon-section\" role=\"img\" aria-hidden=\"true\">\n                <i class=\"fas fa-award\" aria-hidden=\"true\"><\/i>            <\/div>\n            <section class=\"content-section\">\n                <p id=\"thrust-badge-title\" style=\"font-style: italic;\">\n                    Alla SiteCare-supportplaner levereras med en nollrisk-pengarna-tillbaka-garanti.                <\/p>\n            <\/section>\n        <\/div>\n    <\/div>    \n<\/div>\n\n<div style=\"height:100px\" aria-hidden=\"true\" class=\"wp-block-spacer\"><\/div>\n","protected":false},"excerpt":{"rendered":"","protected":false},"author":1,"featured_media":0,"parent":0,"menu_order":0,"comment_status":"closed","ping_status":"closed","template":"","meta":{"_acf_changed":false,"footnotes":""},"class_list":["post-16480","page","type-page","status-publish","hentry","entry"],"acf":[],"_links":{"self":[{"href":"https:\/\/ladderwp.com\/sv\/wp-json\/wp\/v2\/pages\/16480","targetHints":{"allow":["GET"]}}],"collection":[{"href":"https:\/\/ladderwp.com\/sv\/wp-json\/wp\/v2\/pages"}],"about":[{"href":"https:\/\/ladderwp.com\/sv\/wp-json\/wp\/v2\/types\/page"}],"author":[{"embeddable":true,"href":"https:\/\/ladderwp.com\/sv\/wp-json\/wp\/v2\/users\/1"}],"replies":[{"embeddable":true,"href":"https:\/\/ladderwp.com\/sv\/wp-json\/wp\/v2\/comments?post=16480"}],"version-history":[{"count":1,"href":"https:\/\/ladderwp.com\/sv\/wp-json\/wp\/v2\/pages\/16480\/revisions"}],"predecessor-version":[{"id":18606,"href":"https:\/\/ladderwp.com\/sv\/wp-json\/wp\/v2\/pages\/16480\/revisions\/18606"}],"wp:attachment":[{"href":"https:\/\/ladderwp.com\/sv\/wp-json\/wp\/v2\/media?parent=16480"}],"curies":[{"name":"wp","href":"https:\/\/api.w.org\/{rel}","templated":true}]}}