{"id":16447,"date":"2024-10-01T09:16:04","date_gmt":"2024-10-01T09:16:04","guid":{"rendered":"http:\/\/ladderwp.com\/cookies-och-integritetspolicy\/"},"modified":"2025-08-05T11:11:24","modified_gmt":"2025-08-05T11:11:24","slug":"cookies-och-integritetspolicy","status":"publish","type":"page","link":"https:\/\/ladderwp.com\/sv\/cookies-och-integritetspolicy\/","title":{"rendered":"Cookies och integritetspolicy"},"content":{"rendered":"\n<div style=\"height:50px\" aria-hidden=\"true\" class=\"wp-block-spacer\"><\/div>\n\n<h1 class=\"wp-block-heading\" id=\"h-cookies-and-privacy-policy-for-ladderwp\">Cookies och integritetspolicy f\u00f6r LadderWP<\/h1>\n\n<p><\/p>\n\n<p>P\u00e5 <strong><a href=\"http:\/\/ladderwp.com\/\">LadderWP<\/a><\/strong>respekterar vi din integritet och \u00e4r fast beslutna att skydda dina personuppgifter. Denna policy f\u00f6rklarar hur vi samlar in, anv\u00e4nder och skyddar din information samt hanterar cookies och integritetspolicy n\u00e4r du bes\u00f6ker v\u00e5r webbplats och anv\u00e4nder v\u00e5ra tj\u00e4nster. Vi \u00e4r baserade i EU och vi f\u00f6ljer den allm\u00e4nna dataskyddsf\u00f6rordningen (GDPR), men vi erbjuder tj\u00e4nster internationellt.  <\/p>\n\n<div style=\"height:30px\" aria-hidden=\"true\" class=\"wp-block-spacer\"><\/div>\n\n<h2 class=\"wp-block-heading\" id=\"h-1-data-we-collect\">1. Uppgifter som vi samlar in<\/h2>\n\n<p>Vi samlar in olika typer av personuppgifter beroende p\u00e5 hur du interagerar med v\u00e5r webbplats:<\/p>\n\n<h3 class=\"wp-block-heading\" id=\"h-1-1-personal-information-you-provide\">1.1 Personlig information som du tillhandah\u00e5ller<\/h3>\n\n<p>N\u00e4r du interagerar med oss (t.ex. genom att fylla i formul\u00e4r, g\u00f6ra ett k\u00f6p eller kontakta oss) kan vi samla in<\/p>\n\n<ul class=\"wp-block-list\">\n<li><strong>Name<\/strong> (first and last)<\/li>\n\n\n\n<li><strong>E-postadress<\/strong><\/li>\n\n\n\n<li><strong>Telefonnummer<\/strong><\/li>\n\n\n\n<li><strong>F\u00f6retagets namn och yrke<\/strong><\/li>\n\n\n\n<li><strong>Faktureringsadress och leveransadress<\/strong><\/li>\n\n\n\n<li><strong>Anv\u00e4ndarnamn och l\u00f6senord<\/strong><\/li>\n\n\n\n<li><strong>Detaljer om budgeten<\/strong><\/li>\n<\/ul>\n\n<h3 class=\"wp-block-heading\" id=\"h-1-2-data-collected-automatically\">1.2 Data som samlas in automatiskt<\/h3>\n\n<p>N\u00e4r du surfar p\u00e5 v\u00e5r webbplats samlar vi automatiskt in<\/p>\n\n<ul class=\"wp-block-list\">\n<li><strong>Kakor (cookies<\/strong>): Sm\u00e5 datafiler som lagras p\u00e5 din enhet<\/li>\n\n\n\n<li><strong>IP-adress<\/strong><\/li>\n\n\n\n<li><strong>Enhetsinformation<\/strong> (typ av webbl\u00e4sare, operativsystem)<\/li>\n\n\n\n<li><strong>Anv\u00e4ndningsdata<\/strong> (bes\u00f6kta sidor, tid som spenderats p\u00e5 webbplatsen etc.)<\/li>\n\n\n\n<li><strong>Unika annonsidentifierare<\/strong> (som Google Advertiser ID eller IDFA)<\/li>\n<\/ul>\n\n<div style=\"height:30px\" aria-hidden=\"true\" class=\"wp-block-spacer\"><\/div>\n\n<h2 class=\"wp-block-heading\" id=\"h-2-why-we-collect-your-data\">2. Varf\u00f6r vi samlar in dina uppgifter<\/h2>\n\n<p>Vi anv\u00e4nder dina personuppgifter f\u00f6r f\u00f6ljande \u00e4ndam\u00e5l:<\/p>\n\n<ul class=\"wp-block-list\">\n<li><strong>Leverans av tj\u00e4nster<\/strong>: F\u00f6r att tillhandah\u00e5lla, underh\u00e5lla och f\u00f6rb\u00e4ttra v\u00e5ra tj\u00e4nster.<\/li>\n\n\n\n<li><strong>Kundtj\u00e4nst<\/strong>: F\u00f6r att svara p\u00e5 dina f\u00f6rfr\u00e5gningar och ge dig hj\u00e4lp.<\/li>\n\n\n\n<li><strong>Betalningar<\/strong>: F\u00f6r att behandla transaktioner p\u00e5 ett s\u00e4kert s\u00e4tt och skicka fakturor.<\/li>\n\n\n\n<li><strong>Marknadsf\u00f6ring<\/strong>: F\u00f6r att skicka dig kampanjerbjudanden och personliga annonser (med ditt samtycke).<\/li>\n\n\n\n<li><strong>Analys<\/strong>: F\u00f6r att analysera anv\u00e4ndningsm\u00f6nster och f\u00f6rb\u00e4ttra anv\u00e4ndarupplevelsen.<\/li>\n<\/ul>\n\n<div style=\"height:30px\" aria-hidden=\"true\" class=\"wp-block-spacer\"><\/div>\n\n<h2 class=\"wp-block-heading\" id=\"h-3-how-we-process-and-store-your-data\">3. Hur vi behandlar och lagrar dina uppgifter<\/h2>\n\n<p>Vi tar din integritet p\u00e5 allvar och ser till att dina uppgifter behandlas p\u00e5 ett s\u00e4kert s\u00e4tt:<\/p>\n\n<ul class=\"wp-block-list\">\n<li><strong>Var<\/strong> dina uppgifter behandlas: Dina uppgifter behandlas p\u00e5 v\u00e5ra kontor i Rum\u00e4nien, EU, och av v\u00e5ra betrodda tredjepartsleverant\u00f6rer av tj\u00e4nster (t.ex. molnhosting, e-posthantering).<\/li>\n\n\n\n<li><strong>Hur:<\/strong> Vi anv\u00e4nder s\u00e4kra IT-system och f\u00f6ljer branschstandardiserade rutiner f\u00f6r att s\u00e4kerst\u00e4lla att dina uppgifter \u00e4r skyddade.<\/li>\n<\/ul>\n\n<h3 class=\"wp-block-heading\" id=\"h-3-2-retention-period\">3.2 Bevarandetid<\/h3>\n\n<p>Vi sparar dina personuppgifter endast s\u00e5 l\u00e4nge som det \u00e4r n\u00f6dv\u00e4ndigt:<\/p>\n\n<ul class=\"wp-block-list\">\n<li><strong>Tj\u00e4nstrelaterade uppgifter<\/strong>: Till dess att tj\u00e4nsten har tillhandah\u00e5llits eller avtalet har fullgjorts.<\/li>\n\n\n\n<li><strong>Marknadsf\u00f6rings- och analysdata<\/strong>: Tills du v\u00e4ljer bort eller \u00e5terkallar ditt samtycke.<\/li>\n\n\n\n<li><strong>R\u00e4ttsliga syften<\/strong>: Enligt vad som kr\u00e4vs enligt lag.<\/li>\n<\/ul>\n\n<div style=\"height:30px\" aria-hidden=\"true\" class=\"wp-block-spacer\"><\/div>\n\n<h2 class=\"wp-block-heading\" id=\"h-4-international-data-transfers\">4. Internationella data\u00f6verf\u00f6ringar<\/h2>\n\n<p>Eftersom vi arbetar med internationella kunder och tj\u00e4nsteleverant\u00f6rer kan dina personuppgifter komma att \u00f6verf\u00f6ras till l\u00e4nder utanf\u00f6r EU. N\u00e4r detta sker ser vi till att: <\/p>\n\n<ul class=\"wp-block-list\">\n<li><strong>Data\u00f6verf\u00f6ringar<\/strong> sker i enlighet med GDPR och till\u00e4mpliga internationella sekretesslagar.<\/li>\n\n\n\n<li><strong>L\u00e4mpliga skydds\u00e5tg\u00e4rder<\/strong> (t.ex. standardavtalsklausuler) finns p\u00e5 plats f\u00f6r att skydda dina uppgifter.<\/li>\n<\/ul>\n\n<div style=\"height:30px\" aria-hidden=\"true\" class=\"wp-block-spacer\"><\/div>\n\n<h2 class=\"wp-block-heading\" id=\"h-5-your-privacy-rights-for-eu-residents\">5. Dina integritetsr\u00e4ttigheter (f\u00f6r personer bosatta i EU)<\/h2>\n\n<p>Du har f\u00f6ljande r\u00e4ttigheter avseende dina personuppgifter enligt GDPR:<\/p>\n\n<ul class=\"wp-block-list\">\n<li><strong>Tillg\u00e5ng<\/strong>: Du kan beg\u00e4ra en kopia av de uppgifter vi har om dig.<\/li>\n\n\n\n<li><strong>R\u00e4ttelse<\/strong>: Du kan be oss att uppdatera eller korrigera felaktiga uppgifter.<\/li>\n\n\n\n<li><strong>Radering<\/strong> av uppgifter: Du kan beg\u00e4ra att dina personuppgifter raderas.<\/li>\n\n\n\n<li><strong>Begr\u00e4nsning<\/strong>: Du kan beg\u00e4ra att vi begr\u00e4nsar behandlingen av dina uppgifter.<\/li>\n\n\n\n<li><strong>Dataportabilitet<\/strong>: Du kan beg\u00e4ra en kopia av dina uppgifter i ett maskinl\u00e4sbart format f\u00f6r \u00f6verf\u00f6ring till en annan tj\u00e4nst.<\/li>\n\n\n\n<li><strong>Inv\u00e4ndning<\/strong>: Du kan inv\u00e4nda mot anv\u00e4ndningen av dina uppgifter f\u00f6r direktmarknadsf\u00f6ring eller ber\u00e4ttigat intresse.<\/li>\n\n\n\n<li>\u00c5terkalla <strong>samtycke<\/strong>: Om du har gett oss ditt samtycke till databehandling kan du n\u00e4r som helst \u00e5terkalla det.<\/li>\n<\/ul>\n\n<p>F\u00f6r att ut\u00f6va dessa r\u00e4ttigheter, kontakta oss p\u00e5: <a>privacy@ladderwp.com.<\/a><\/p>\n\n<div style=\"height:30px\" aria-hidden=\"true\" class=\"wp-block-spacer\"><\/div>\n\n<h2 class=\"wp-block-heading\" id=\"h-6-your-privacy-rights-for-us-residents\">6. Dina integritetsr\u00e4ttigheter (f\u00f6r personer bosatta i USA)<\/h2>\n\n<p>Om du \u00e4r bosatt i USA kan du, beroende p\u00e5 vilken delstat du \u00e4r bosatt i, ha s\u00e4rskilda r\u00e4ttigheter avseende dina personuppgifter enligt delstatliga sekretesslagar, till exempel California Consumer Privacy Act (CCPA). Dessa r\u00e4ttigheter inkluderar: <\/p>\n\n<ul class=\"wp-block-list\">\n<li><strong>R\u00e4tt att f\u00e5 veta<\/strong>: Du har r\u00e4tt att beg\u00e4ra information om vilka personuppgifter vi samlar in, anv\u00e4nder, delar och s\u00e4ljer (om till\u00e4mpligt).<\/li>\n\n\n\n<li><strong>R\u00e4tt till tillg\u00e5ng<\/strong>: Du kan beg\u00e4ra en kopia av dina personuppgifter som vi har samlat in.<\/li>\n\n\n\n<li><strong>R\u00e4tt till radering<\/strong>: Du kan beg\u00e4ra att vi raderar dina personuppgifter, med f\u00f6rbeh\u00e5ll f\u00f6r vissa undantag.<\/li>\n\n\n\n<li><strong>R\u00e4tt att v\u00e4lja bort<\/strong>: Du har r\u00e4tt att v\u00e4lja bort f\u00f6rs\u00e4ljning eller delning av dina personuppgifter f\u00f6r beteendestyrd annonsering \u00f6ver kontextgr\u00e4nser (om till\u00e4mpligt).<\/li>\n\n\n\n<li><strong>R\u00e4tt till icke-diskriminering<\/strong>: Du kommer inte att diskrimineras f\u00f6r att du ut\u00f6var din r\u00e4tt till integritet.<\/li>\n\n\n\n<li><strong>R\u00e4tt till<\/strong> r\u00e4ttelse: Du kan beg\u00e4ra r\u00e4ttelse av felaktig personlig information.<\/li>\n<\/ul>\n\n<p>F\u00f6r att ut\u00f6va dessa r\u00e4ttigheter kan du kontakta oss p\u00e5 <a>privacy@ladderwp.com.<\/a> Observera att vi kan komma att kr\u00e4va verifiering av din identitet innan vi behandlar din beg\u00e4ran. <\/p>\n\n<div style=\"height:30px\" aria-hidden=\"true\" class=\"wp-block-spacer\"><\/div>\n\n<h2 class=\"wp-block-heading\" id=\"h-7-cookies-and-consent\">7. Cookies och samtycke<\/h2>\n\n<p>Vi anv\u00e4nder cookies och liknande tekniker f\u00f6r att:<\/p>\n\n<ul class=\"wp-block-list\">\n<li><strong>F\u00f6rb\u00e4ttra din surfupplevelse<\/strong>: Till exempel genom att komma ih\u00e5g dina inloggningsuppgifter och preferenser.<\/li>\n\n\n\n<li><strong>Tillhandah\u00e5lla personlig annonsering<\/strong>: Visar relevanta annonser baserat p\u00e5 dina intressen.<\/li>\n\n\n\n<li><strong>Analyze website traffic<\/strong>: Understanding how users interact with our site to improve services.<\/li>\n<\/ul>\n\n<h3 class=\"wp-block-heading\" id=\"h-7-1-types-of-cookies-we-use\">7.1 Typer av cookies som vi anv\u00e4nder<\/h3>\n\n<ul class=\"wp-block-list\">\n<li><strong>Viktiga cookies<\/strong>: N\u00f6dv\u00e4ndiga f\u00f6r att webbplatsen ska fungera och kan inte st\u00e4ngas av. De omfattar \u00e5tg\u00e4rder som att spara dina sekretessinst\u00e4llningar, logga in eller fylla i formul\u00e4r. <\/li>\n\n\n\n<li><strong>Prestanda-cookies<\/strong>: G\u00f6r det m\u00f6jligt f\u00f6r oss att r\u00e4kna bes\u00f6k och trafikk\u00e4llor f\u00f6r att m\u00e4ta och f\u00f6rb\u00e4ttra prestandan p\u00e5 v\u00e5r webbplats. All information som samlas in \u00e4r aggregerad och anonym. <\/li>\n\n\n\n<li><strong>Funktionella cookies<\/strong>: M\u00f6jligg\u00f6r f\u00f6rb\u00e4ttrad funktionalitet och personalisering, t.ex. genom att komma ih\u00e5g de val du g\u00f6r (t.ex. spr\u00e5kinst\u00e4llningar).<\/li>\n\n\n\n<li><strong>Riktade cookies<\/strong>: St\u00e4lls in av v\u00e5ra reklampartners f\u00f6r att sp\u00e5ra dina surfvanor och tillhandah\u00e5lla riktade annonser. De hj\u00e4lper ocks\u00e5 till att m\u00e4ta effektiviteten i annonskampanjer. <\/li>\n<\/ul>\n\n<h3 class=\"wp-block-heading\" id=\"h-7-2-how-we-obtain-your-consent\">7.2 Hur vi inh\u00e4mtar ditt samtycke<\/h3>\n\n<ul class=\"wp-block-list\">\n<li>N\u00e4r du bes\u00f6ker v\u00e5r webbplats kommer du att se en banner f\u00f6r samtycke till cookies. Genom att klicka p\u00e5 &#8221;Acceptera&#8221; samtycker du till v\u00e5r anv\u00e4ndning av alla cookies enligt beskrivningen i denna policy. <\/li>\n\n\n\n<li>Du kan ocks\u00e5 v\u00e4lja att hantera cookiepreferenser och acceptera eller avvisa vissa typer av cookies.<\/li>\n<\/ul>\n\n<h3 class=\"wp-block-heading\" id=\"h-7-3-managing-and-disabling-cookies\">7.3 Hantera och inaktivera cookies<\/h3>\n\n<ul class=\"wp-block-list\">\n<li>Du kan n\u00e4r som helst hantera eller blockera cookies via inst\u00e4llningarna i din webbl\u00e4sare. Om du v\u00e4ljer att blockera cookies kan det h\u00e4nda att vissa funktioner p\u00e5 v\u00e5r webbplats inte fungerar som avsett. <\/li>\n\n\n\n<li>F\u00f6r mer information om hur du hanterar cookies i din webbl\u00e4sare, se hj\u00e4lpavsnittet i din webbl\u00e4sare.<\/li>\n<\/ul>\n\n<h3 class=\"wp-block-heading\" id=\"h-7-4-withdrawing-consent\">7.4 \u00c5terkallande av samtycke<\/h3>\n\n<ul class=\"wp-block-list\">\n<li>Om du vill \u00e5terkalla ditt samtycke till anv\u00e4ndningen av cookies kan du g\u00f6ra det genom att justera inst\u00e4llningarna i din webbl\u00e4sare eller anv\u00e4nda cookie-inst\u00e4llningarna p\u00e5 v\u00e5r webbplats.<\/li>\n\n\n\n<li>Du kan ocks\u00e5 radera cookies som redan har placerats p\u00e5 din enhet.<\/li>\n<\/ul>\n\n<div style=\"height:30px\" aria-hidden=\"true\" class=\"wp-block-spacer\"><\/div>\n\n<h2 class=\"wp-block-heading\" id=\"h-8-data-security\">8. Datas\u00e4kerhet<\/h2>\n\n<p>Vi genomf\u00f6r l\u00e4mpliga s\u00e4kerhets\u00e5tg\u00e4rder f\u00f6r att skydda dina personuppgifter fr\u00e5n obeh\u00f6rig \u00e5tkomst, \u00e4ndring eller f\u00f6rlust, inklusive:<\/p>\n\n<ul class=\"wp-block-list\">\n<li><strong>Kryptering<\/strong>: Vi anv\u00e4nder s\u00e4kra protokoll f\u00f6r att skydda dina uppgifter under \u00f6verf\u00f6ringen.<\/li>\n\n\n\n<li><strong>\u00c5tkomstkontroll<\/strong>: Endast beh\u00f6rig personal har tillg\u00e5ng till dina data.<\/li>\n\n\n\n<li><strong>Regelbundna revisioner<\/strong>: Vi granskar regelbundet v\u00e5ra rutiner f\u00f6r datas\u00e4kerhet.<\/li>\n<\/ul>\n\n<div style=\"height:30px\" aria-hidden=\"true\" class=\"wp-block-spacer\"><\/div>\n\n<h2 class=\"wp-block-heading\" id=\"h-9-changes-to-this-cookies-and-privacy-policy\">9. \u00c4ndringar av denna cookie- och integritetspolicy<\/h2>\n\n<p>Vi kan komma att uppdatera denna policy med j\u00e4mna mellanrum f\u00f6r att \u00e5terspegla f\u00f6r\u00e4ndringar i v\u00e5ra tj\u00e4nster eller r\u00e4ttsliga krav. Vi kommer att meddela dig om betydande \u00e4ndringar via: <\/p>\n\n<ul class=\"wp-block-list\">\n<li><strong>V\u00e5r webbplats<\/strong><\/li>\n\n\n\n<li><strong>E-postmeddelanden (om till\u00e4mpligt)<\/strong><\/li>\n<\/ul>\n\n<p>Kontrollera denna sida regelbundet f\u00f6r att h\u00e5lla dig informerad om eventuella uppdateringar.<\/p>\n\n<div style=\"height:30px\" aria-hidden=\"true\" class=\"wp-block-spacer\"><\/div>\n\n<h2 class=\"wp-block-heading\" id=\"h-10-contact-information\">10. Kontaktuppgifter<\/h2>\n\n<p>Om du har n\u00e5gra fr\u00e5gor om denna cookie- och integritetspolicy eller vill ut\u00f6va dina integritetsr\u00e4ttigheter kan du kontakta oss p\u00e5<\/p>\n\n<p><\/p>\n\n<div style=\"height:30px\" aria-hidden=\"true\" class=\"wp-block-spacer\"><\/div>\n\n<p><strong>LadderWP<\/strong><\/p>\n\n<p><strong>Drivs av:<\/strong> ADINVENT S.R.L.<\/p>\n\n<p><strong>Adress: Artarului<\/strong> nr: Artarului nr.1, Ap.2, Cluj-Napoca, 400132, Rum\u00e4nien<\/p>\n\n<p><strong>Momsregistreringsnummer<\/strong>: RO22224009<\/p>\n\n<p><strong>Email<\/strong>: <a>office@ladderwp.com<\/a><\/p>\n\n<div style=\"height:30px\" aria-hidden=\"true\" class=\"wp-block-spacer\"><\/div>\n\n<p><strong>Senast uppdaterad<\/strong>: 15 oktober 2024<\/p>\n\n<div style=\"height:100px\" aria-hidden=\"true\" class=\"wp-block-spacer\"><\/div>\n\n<p><\/p>\n","protected":false},"excerpt":{"rendered":"<p>Cookies och integritetspolicy f\u00f6r LadderWP P\u00e5 LadderWPrespekterar vi din integritet och \u00e4r fast beslutna att skydda dina personuppgifter. Denna policy f\u00f6rklarar hur vi samlar in, anv\u00e4nder och skyddar din information samt hanterar cookies och integritetspolicy n\u00e4r du bes\u00f6ker v\u00e5r webbplats och anv\u00e4nder v\u00e5ra tj\u00e4nster. Vi \u00e4r baserade i EU och vi f\u00f6ljer den allm\u00e4nna dataskyddsf\u00f6rordningen&hellip; <a class=\"more-link\" href=\"https:\/\/ladderwp.com\/sv\/cookies-och-integritetspolicy\/\">Continue reading <span class=\"screen-reader-text\">Cookies och integritetspolicy<\/span><\/a><\/p>\n","protected":false},"author":1,"featured_media":0,"parent":0,"menu_order":0,"comment_status":"closed","ping_status":"open","template":"align-wide-template.php","meta":{"_acf_changed":false,"footnotes":""},"class_list":["post-16447","page","type-page","status-publish","hentry","entry"],"acf":[],"_links":{"self":[{"href":"https:\/\/ladderwp.com\/sv\/wp-json\/wp\/v2\/pages\/16447","targetHints":{"allow":["GET"]}}],"collection":[{"href":"https:\/\/ladderwp.com\/sv\/wp-json\/wp\/v2\/pages"}],"about":[{"href":"https:\/\/ladderwp.com\/sv\/wp-json\/wp\/v2\/types\/page"}],"author":[{"embeddable":true,"href":"https:\/\/ladderwp.com\/sv\/wp-json\/wp\/v2\/users\/1"}],"replies":[{"embeddable":true,"href":"https:\/\/ladderwp.com\/sv\/wp-json\/wp\/v2\/comments?post=16447"}],"version-history":[{"count":2,"href":"https:\/\/ladderwp.com\/sv\/wp-json\/wp\/v2\/pages\/16447\/revisions"}],"predecessor-version":[{"id":18577,"href":"https:\/\/ladderwp.com\/sv\/wp-json\/wp\/v2\/pages\/16447\/revisions\/18577"}],"wp:attachment":[{"href":"https:\/\/ladderwp.com\/sv\/wp-json\/wp\/v2\/media?parent=16447"}],"curies":[{"name":"wp","href":"https:\/\/api.w.org\/{rel}","templated":true}]}}