{"id":16600,"date":"2024-10-03T09:01:48","date_gmt":"2024-10-03T09:01:48","guid":{"rendered":"http:\/\/ladderwp.com\/product\/wartung-pro-plan\/"},"modified":"2024-11-06T08:48:55","modified_gmt":"2024-11-06T08:48:55","slug":"wartung-pro-plan","status":"publish","type":"product","link":"https:\/\/ladderwp.com\/de\/produkt\/wartung-pro-plan\/","title":{"rendered":"Wartung Pro Plan"},"content":{"rendered":"<p>F\u00fcr kleine und mittlere Websites.<\/p>\n","protected":false},"excerpt":{"rendered":"<p>Ideal f\u00fcr kleine bis mittelgro\u00dfe Websites und bietet wichtige Unterst\u00fctzung, Sicherheit und Optimierung f\u00fcr eine konstante Leistung.<\/p>\n","protected":false},"featured_media":16927,"comment_status":"open","ping_status":"closed","template":"","meta":{"_acf_changed":false},"product_brand":[],"product_cat":[162],"product_tag":[],"class_list":{"0":"post-16600","1":"product","2":"type-product","3":"status-publish","4":"has-post-thumbnail","6":"product_cat-unkategorisiert","7":"entry","9":"first","10":"instock","11":"sold-individually","12":"taxable","13":"shipping-taxable","14":"purchasable","15":"product-type-variable-subscription","16":"has-default-attributes"},"acf":[],"_links":{"self":[{"href":"https:\/\/ladderwp.com\/de\/wp-json\/wp\/v2\/product\/16600","targetHints":{"allow":["GET"]}}],"collection":[{"href":"https:\/\/ladderwp.com\/de\/wp-json\/wp\/v2\/product"}],"about":[{"href":"https:\/\/ladderwp.com\/de\/wp-json\/wp\/v2\/types\/product"}],"replies":[{"embeddable":true,"href":"https:\/\/ladderwp.com\/de\/wp-json\/wp\/v2\/comments?post=16600"}],"wp:featuredmedia":[{"embeddable":true,"href":"https:\/\/ladderwp.com\/de\/wp-json\/wp\/v2\/media\/16927"}],"wp:attachment":[{"href":"https:\/\/ladderwp.com\/de\/wp-json\/wp\/v2\/media?parent=16600"}],"wp:term":[{"taxonomy":"product_brand","embeddable":true,"href":"https:\/\/ladderwp.com\/de\/wp-json\/wp\/v2\/product_brand?post=16600"},{"taxonomy":"product_cat","embeddable":true,"href":"https:\/\/ladderwp.com\/de\/wp-json\/wp\/v2\/product_cat?post=16600"},{"taxonomy":"product_tag","embeddable":true,"href":"https:\/\/ladderwp.com\/de\/wp-json\/wp\/v2\/product_tag?post=16600"}],"curies":[{"name":"wp","href":"https:\/\/api.w.org\/{rel}","templated":true}]}}