{"id":16591,"date":"2024-10-03T09:33:50","date_gmt":"2024-10-03T09:33:50","guid":{"rendered":"http:\/\/ladderwp.com\/product\/wartung-ultra-plan\/"},"modified":"2024-11-06T08:48:54","modified_gmt":"2024-11-06T08:48:54","slug":"wartung-ultra-plan","status":"publish","type":"product","link":"https:\/\/ladderwp.com\/de\/produkt\/wartung-ultra-plan\/","title":{"rendered":"Wartung Ultra Plan"},"content":{"rendered":"<p>F\u00fcr mittlere und gro\u00dfe Websites.<\/p>\n","protected":false},"excerpt":{"rendered":"<p>Perfekt f\u00fcr mittelgro\u00dfe bis gro\u00dfe Websites, mit erweiterter Sicherheit, vorrangigem Support und zweimonatlichen Updates.<\/p>\n","protected":false},"featured_media":16931,"comment_status":"open","ping_status":"closed","template":"","meta":{"_acf_changed":false},"product_brand":[],"product_cat":[162],"product_tag":[],"class_list":{"0":"post-16591","1":"product","2":"type-product","3":"status-publish","4":"has-post-thumbnail","6":"product_cat-unkategorisiert","7":"entry","9":"first","10":"instock","11":"sold-individually","12":"taxable","13":"shipping-taxable","14":"purchasable","15":"product-type-variable-subscription","16":"has-default-attributes"},"acf":[],"_links":{"self":[{"href":"https:\/\/ladderwp.com\/de\/wp-json\/wp\/v2\/product\/16591","targetHints":{"allow":["GET"]}}],"collection":[{"href":"https:\/\/ladderwp.com\/de\/wp-json\/wp\/v2\/product"}],"about":[{"href":"https:\/\/ladderwp.com\/de\/wp-json\/wp\/v2\/types\/product"}],"replies":[{"embeddable":true,"href":"https:\/\/ladderwp.com\/de\/wp-json\/wp\/v2\/comments?post=16591"}],"wp:featuredmedia":[{"embeddable":true,"href":"https:\/\/ladderwp.com\/de\/wp-json\/wp\/v2\/media\/16931"}],"wp:attachment":[{"href":"https:\/\/ladderwp.com\/de\/wp-json\/wp\/v2\/media?parent=16591"}],"wp:term":[{"taxonomy":"product_brand","embeddable":true,"href":"https:\/\/ladderwp.com\/de\/wp-json\/wp\/v2\/product_brand?post=16591"},{"taxonomy":"product_cat","embeddable":true,"href":"https:\/\/ladderwp.com\/de\/wp-json\/wp\/v2\/product_cat?post=16591"},{"taxonomy":"product_tag","embeddable":true,"href":"https:\/\/ladderwp.com\/de\/wp-json\/wp\/v2\/product_tag?post=16591"}],"curies":[{"name":"wp","href":"https:\/\/api.w.org\/{rel}","templated":true}]}}