{"id":16579,"date":"2024-10-03T09:34:56","date_gmt":"2024-10-03T09:34:56","guid":{"rendered":"http:\/\/ladderwp.com\/product\/wartung-ultimate-plan\/"},"modified":"2024-11-07T16:05:04","modified_gmt":"2024-11-07T16:05:04","slug":"wartung-ultimate-plan","status":"publish","type":"product","link":"https:\/\/ladderwp.com\/de\/produkt\/wartung-ultimate-plan\/","title":{"rendered":"Wartung Ultimate Plan"},"content":{"rendered":"<p>F\u00fcr benutzerdefinierte gro\u00dfe Websites.<\/p>\n","protected":false},"excerpt":{"rendered":"<p>Entwickelt f\u00fcr benutzerdefinierte, umfangreiche Websites mit t\u00e4glichen Backups, vollst\u00e4ndiger Optimierung und 24\/7-Priorit\u00e4tssupport f\u00fcr mehr Sicherheit.<\/p>\n","protected":false},"featured_media":16935,"comment_status":"open","ping_status":"closed","template":"","meta":{"_acf_changed":false},"product_brand":[],"product_cat":[162],"product_tag":[],"class_list":{"0":"post-16579","1":"product","2":"type-product","3":"status-publish","4":"has-post-thumbnail","6":"product_cat-unkategorisiert","7":"entry","9":"first","10":"instock","11":"sold-individually","12":"taxable","13":"shipping-taxable","14":"purchasable","15":"product-type-variable-subscription"},"acf":[],"_links":{"self":[{"href":"https:\/\/ladderwp.com\/de\/wp-json\/wp\/v2\/product\/16579","targetHints":{"allow":["GET"]}}],"collection":[{"href":"https:\/\/ladderwp.com\/de\/wp-json\/wp\/v2\/product"}],"about":[{"href":"https:\/\/ladderwp.com\/de\/wp-json\/wp\/v2\/types\/product"}],"replies":[{"embeddable":true,"href":"https:\/\/ladderwp.com\/de\/wp-json\/wp\/v2\/comments?post=16579"}],"wp:featuredmedia":[{"embeddable":true,"href":"https:\/\/ladderwp.com\/de\/wp-json\/wp\/v2\/media\/16935"}],"wp:attachment":[{"href":"https:\/\/ladderwp.com\/de\/wp-json\/wp\/v2\/media?parent=16579"}],"wp:term":[{"taxonomy":"product_brand","embeddable":true,"href":"https:\/\/ladderwp.com\/de\/wp-json\/wp\/v2\/product_brand?post=16579"},{"taxonomy":"product_cat","embeddable":true,"href":"https:\/\/ladderwp.com\/de\/wp-json\/wp\/v2\/product_cat?post=16579"},{"taxonomy":"product_tag","embeddable":true,"href":"https:\/\/ladderwp.com\/de\/wp-json\/wp\/v2\/product_tag?post=16579"}],"curies":[{"name":"wp","href":"https:\/\/api.w.org\/{rel}","templated":true}]}}