{"id":16490,"date":"2024-10-03T07:57:13","date_gmt":"2024-10-03T07:57:13","guid":{"rendered":"http:\/\/ladderwp.com\/wordpress-wartungsplaene-und-preise\/"},"modified":"2025-08-05T12:52:53","modified_gmt":"2025-08-05T12:52:53","slug":"wordpress-wartungsplaene-und-preise","status":"publish","type":"page","link":"https:\/\/ladderwp.com\/de\/wordpress-wartungsplaene-und-preise\/","title":{"rendered":"WordPress Wartungspl\u00e4ne und Preise"},"content":{"rendered":"\n<div style=\"height:100px\" aria-hidden=\"true\" class=\"wp-block-spacer\"><\/div>\n\n<div id=\"plans&amp;pricing\" class=\"wp-block-group\" style=\"padding-right:0;padding-left:0\"><div class=\"wp-block-group__inner-container is-layout-constrained wp-container-core-group-is-layout-a7c31ef8 wp-block-group-is-layout-constrained\">\n<div class=\"container-1400 m-0-auto\" role=\"region\" aria-labelledby=\"pricing-title\">\n    <div class=\"p-relative flex-simple flex-column align-items-center\">\n        <div class=\"limited-offer flex-simple\" role=\"alert\">\n                <span class=\"flash-icon\" aria-hidden=\"true\"><\/span>\n                <span class=\"flash-icon\" aria-hidden=\"true\"><\/span>\n                <p>Zeitlich begrenzter Verkauf<\/p> \n            <\/div>        <h1 id=\"pricing-title\" class=\"pricing-title\">Pl\u00e4ne &amp; Preise<\/h1>\n        <h5 class=\"pricing-subtitle light container-600\" role=\"contentinfo\">Entdecken Sie die WordPress-Wartungspl\u00e4ne und Preise von LadderWP. Sichern, optimieren und aktualisieren Sie Ihre Website zu erschwinglichen Preisen. <\/h5>\n    <\/div>\n<\/div>\n\n<div class=\"pricing-toggle\" aria-label=\"Toggle pricing view\">\n    <label class=\"switch\">\n        <input type=\"checkbox\" id=\"pricing-switch\" role=\"switch\" aria-checked=\"false\">\n        <span class=\"slider round\">\n            <span class=\"switch-label annually\" role=\"button\" aria-pressed=\"false\"> J\u00e4hrliche <\/span>\n            <span class=\"switch-label monthly\" role=\"button\" aria-pressed=\"true\">Monatliche<\/span>\n        <\/span>\n    <\/label>\n<\/div>\n\n<div class=\"pricing-description\" role=\"contentinfo\"><p>Sparen Sie 20% bei j\u00e4hrlicher Zahlung<\/p>\n<\/div>\n\n<div class=\"package-wrapper container-1400 m-0-auto flex-row flex-simple\" role=\"region\" aria-labelledby=\"pricing-title\"><div class=\"package-tabs flex-simple flex-row\" id=\"package-tabs\" role=\"tablist\"><button class=\"tab-link\" data-tab=\"tab-0\" role=\"tab\" aria-controls=\"tab-0\" aria-selected=\"false\">Ultimate<\/button><button class=\"tab-link\" data-tab=\"tab-1\" role=\"tab\" aria-controls=\"tab-1\" aria-selected=\"false\">Ultra<\/button><button class=\"tab-link\" data-tab=\"tab-2\" role=\"tab\" aria-controls=\"tab-2\" aria-selected=\"false\">Pro<\/button><\/div><div class=\"packages-grid flex-simple\" role=\"tabpanel\">\n        <div id=\"tab-0\"\n            class=\"tab-content package-card flex-33-gap-30 \" role=\"tabpanel\">\n                        <div class=\"wrapper\">\n                <h3 class=\"package-title text-align-center\" role=\"heading\" aria-level=\"3\">Ultimate<\/h3>\n                <div class=\"product-info\">\n                    <div class=\"flex-simple justify-content-center\">\n                        <h1 class=\"m-0 w-100\" aria-live=\"polite\">\n                            <span class=\"monthly-price\">\n\n                                <div class=\"price-wrapper flex-simple justify-content-center align-items-flex-end\">\n                                    <span class=\"woocommerce-Price-amount amount\"><bdi><span class=\"woocommerce-Price-currencySymbol\">&#36;<\/span>175<\/bdi><\/span>\n                                    <p class=\"billing-method\" aria-live=\"polite\"> \/ monat <\/p>\n                                <\/div>\n                                \n                                <div class=\"billing-method-switcher extra-list-item\">\n                                    <p class=\"billing-method-text\" aria-live=\"polite\">\n                                        <span class=\"yearly-price-text\">\n                                            <span class=\"woocommerce-Price-amount amount\"><bdi><span class=\"woocommerce-Price-currencySymbol\">&#36;<\/span>0<\/bdi><\/span><span\n                                                class=\"billing-method\">Monatlich abgerechnet<\/span>\n                                        <\/span>\n                                    <\/p>\n                                <\/div>\n\n                            <\/span>\n\n\n                            <span class=\"yearly-price\">\n                                <div class=\"price-wrapper flex-simple justify-content-center align-items-flex-end\">\n                                    <span class=\"woocommerce-Price-amount amount\"><bdi><span class=\"woocommerce-Price-currencySymbol\">&#36;<\/span>139<\/bdi><\/span>\n                                    <p class=\"billing-method\" aria-live=\"polite\"> \/ monat <\/p>\n\n                                <\/div>\n                                \n                                <div class=\"billing-method-switcher extra-list-item\">\n                                    <p class=\"billing-method-text\" aria-live=\"polite\">\n                                        <span class=\"yearly-price-text\">\n                                            <span class=\"woocommerce-Price-amount amount\"><bdi><span class=\"woocommerce-Price-currencySymbol\">&#36;<\/span>1.668<\/bdi><\/span><span\n                                                class=\"billing-method\">J\u00e4hrlich abgerechnet<\/span>\n                                        <\/span>\n                                    <\/p>\n                                <\/div>\n\n                            <\/span>\n\n                        <\/h1>\n                    <\/div>\n                <\/div>\n\n                <p class=\"long-description\">F\u00fcr benutzerdefinierte gro\u00dfe Websites.<\/p>\n                <div class=\"features-list flex-simple flex-column\" role=\"list\">\n                                                                        <p class=\"feature-item included\" role=\"listitem\">\n                                Unterst\u00fctzung &amp; Entwicklung &#8211; 8h                                                            <\/p>\n                                                    <p class=\"feature-item included\" role=\"listitem\">\n                                T\u00e4gliche Backups                                                            <\/p>\n                                                    <p class=\"feature-item included\" role=\"listitem\">\n                                W\u00f6chentliche Updates                                                            <\/p>\n                                                    <p class=\"feature-item included\" role=\"listitem\">\n                                Erweiterte Sicherheit                                                            <\/p>\n                                                    <p class=\"feature-item included\" role=\"listitem\">\n                                24\/7 Chat &amp; Ticket-Unterst\u00fctzung                                                            <\/p>\n                                                    <p class=\"feature-item included\" role=\"listitem\">\n                                Vollst\u00e4ndige Optimierung                                                            <\/p>\n                                                    <p class=\"feature-item included\" role=\"listitem\">\n                                Vorrangiger Support 24\/7                                                            <\/p>\n                                                            <\/div>\n\n                <p class=\"short-description\">Entwickelt f\u00fcr benutzerdefinierte, umfangreiche Websites mit t\u00e4glichen Backups, vollst\u00e4ndiger Optimierung und 24\/7-Priorit\u00e4tssupport f\u00fcr mehr Sicherheit.<\/p>            <\/div>\n\n            <div class=\"container-end flex-simple flex-column\">\n                <div class=\"flex-simple justify-content-center\">\n                    <a href=\"#\" class=\"cta-regular-b-g add-to-cart\"\n                        data-monthly-id=\"16580\"\n                        data-yearly-id=\"16581\"\n                        data-product-id=\"16579\"\n                        role=\"button\" aria-label=\"Plan w\u00e4hlen\">\n                        Plan w\u00e4hlen                    <\/a>\n                <\/div>\n            <\/div>\n        <\/div>\n        \n        <div id=\"tab-1\"\n            class=\"tab-content package-card flex-33-gap-30 popular-price\" role=\"tabpanel\">\n                            <div class=\"popular-price-label\" aria-live=\"polite\">Beliebter Preis <\/div>\n                        <div class=\"wrapper\">\n                <h3 class=\"package-title text-align-center\" role=\"heading\" aria-level=\"3\">Ultra<\/h3>\n                <div class=\"product-info\">\n                    <div class=\"flex-simple justify-content-center\">\n                        <h1 class=\"m-0 w-100\" aria-live=\"polite\">\n                            <span class=\"monthly-price\">\n\n                                <div class=\"price-wrapper flex-simple justify-content-center align-items-flex-end\">\n                                    <span class=\"woocommerce-Price-amount amount\"><bdi><span class=\"woocommerce-Price-currencySymbol\">&#36;<\/span>125<\/bdi><\/span>\n                                    <p class=\"billing-method\" aria-live=\"polite\"> \/ monat <\/p>\n                                <\/div>\n                                \n                                <div class=\"billing-method-switcher extra-list-item\">\n                                    <p class=\"billing-method-text\" aria-live=\"polite\">\n                                        <span class=\"yearly-price-text\">\n                                            <span class=\"woocommerce-Price-amount amount\"><bdi><span class=\"woocommerce-Price-currencySymbol\">&#36;<\/span>1.668<\/bdi><\/span><span\n                                                class=\"billing-method\">Monatlich abgerechnet<\/span>\n                                        <\/span>\n                                    <\/p>\n                                <\/div>\n\n                            <\/span>\n\n\n                            <span class=\"yearly-price\">\n                                <div class=\"price-wrapper flex-simple justify-content-center align-items-flex-end\">\n                                    <span class=\"woocommerce-Price-amount amount\"><bdi><span class=\"woocommerce-Price-currencySymbol\">&#36;<\/span>99<\/bdi><\/span>\n                                    <p class=\"billing-method\" aria-live=\"polite\"> \/ monat <\/p>\n\n                                <\/div>\n                                \n                                <div class=\"billing-method-switcher extra-list-item\">\n                                    <p class=\"billing-method-text\" aria-live=\"polite\">\n                                        <span class=\"yearly-price-text\">\n                                            <span class=\"woocommerce-Price-amount amount\"><bdi><span class=\"woocommerce-Price-currencySymbol\">&#36;<\/span>1.184<\/bdi><\/span><span\n                                                class=\"billing-method\">J\u00e4hrlich abgerechnet<\/span>\n                                        <\/span>\n                                    <\/p>\n                                <\/div>\n\n                            <\/span>\n\n                        <\/h1>\n                    <\/div>\n                <\/div>\n\n                <p class=\"long-description\">F\u00fcr mittlere und gro\u00dfe Websites.<\/p>\n                <div class=\"features-list flex-simple flex-column\" role=\"list\">\n                                                                        <p class=\"feature-item included\" role=\"listitem\">\n                                Unterst\u00fctzung &amp; Entwicklung &#8211; 4h                                                            <\/p>\n                                                    <p class=\"feature-item included\" role=\"listitem\">\n                                W\u00f6chentliche Backups                                                            <\/p>\n                                                    <p class=\"feature-item included\" role=\"listitem\">\n                                Zweimonatliche Updates                                                            <\/p>\n                                                    <p class=\"feature-item included\" role=\"listitem\">\n                                Verbesserte Sicherheit                                                            <\/p>\n                                                    <p class=\"feature-item included\" role=\"listitem\">\n                                Ticket-Unterst\u00fctzung                                                            <\/p>\n                                                    <p class=\"feature-item included\" role=\"listitem\">\n                                Erweiterte Optimierung                                                            <\/p>\n                                                    <p class=\"feature-item included\" role=\"listitem\">\n                                Vorrangiger E-Mail-Support &#8211; 12h                                                            <\/p>\n                                                            <\/div>\n\n                <p class=\"short-description\">Perfekt f\u00fcr mittelgro\u00dfe bis gro\u00dfe Websites, mit erweiterter Sicherheit, vorrangigem Support und zweimonatlichen Updates.<\/p>            <\/div>\n\n            <div class=\"container-end flex-simple flex-column\">\n                <div class=\"flex-simple justify-content-center\">\n                    <a href=\"#\" class=\"cta-regular-b-g add-to-cart\"\n                        data-monthly-id=\"16592\"\n                        data-yearly-id=\"16593\"\n                        data-product-id=\"16591\"\n                        role=\"button\" aria-label=\"Plan w\u00e4hlen\">\n                        Plan w\u00e4hlen                    <\/a>\n                <\/div>\n            <\/div>\n        <\/div>\n        \n        <div id=\"tab-2\"\n            class=\"tab-content package-card flex-33-gap-30 \" role=\"tabpanel\">\n                        <div class=\"wrapper\">\n                <h3 class=\"package-title text-align-center\" role=\"heading\" aria-level=\"3\">Pro<\/h3>\n                <div class=\"product-info\">\n                    <div class=\"flex-simple justify-content-center\">\n                        <h1 class=\"m-0 w-100\" aria-live=\"polite\">\n                            <span class=\"monthly-price\">\n\n                                <div class=\"price-wrapper flex-simple justify-content-center align-items-flex-end\">\n                                    <span class=\"woocommerce-Price-amount amount\"><bdi><span class=\"woocommerce-Price-currencySymbol\">&#36;<\/span>95<\/bdi><\/span>\n                                    <p class=\"billing-method\" aria-live=\"polite\"> \/ monat <\/p>\n                                <\/div>\n                                \n                                <div class=\"billing-method-switcher extra-list-item\">\n                                    <p class=\"billing-method-text\" aria-live=\"polite\">\n                                        <span class=\"yearly-price-text\">\n                                            <span class=\"woocommerce-Price-amount amount\"><bdi><span class=\"woocommerce-Price-currencySymbol\">&#36;<\/span>1.184<\/bdi><\/span><span\n                                                class=\"billing-method\">Monatlich abgerechnet<\/span>\n                                        <\/span>\n                                    <\/p>\n                                <\/div>\n\n                            <\/span>\n\n\n                            <span class=\"yearly-price\">\n                                <div class=\"price-wrapper flex-simple justify-content-center align-items-flex-end\">\n                                    <span class=\"woocommerce-Price-amount amount\"><bdi><span class=\"woocommerce-Price-currencySymbol\">&#36;<\/span>79<\/bdi><\/span>\n                                    <p class=\"billing-method\" aria-live=\"polite\"> \/ monat <\/p>\n\n                                <\/div>\n                                \n                                <div class=\"billing-method-switcher extra-list-item\">\n                                    <p class=\"billing-method-text\" aria-live=\"polite\">\n                                        <span class=\"yearly-price-text\">\n                                            <span class=\"woocommerce-Price-amount amount\"><bdi><span class=\"woocommerce-Price-currencySymbol\">&#36;<\/span>948<\/bdi><\/span><span\n                                                class=\"billing-method\">J\u00e4hrlich abgerechnet<\/span>\n                                        <\/span>\n                                    <\/p>\n                                <\/div>\n\n                            <\/span>\n\n                        <\/h1>\n                    <\/div>\n                <\/div>\n\n                <p class=\"long-description\">F\u00fcr kleine und mittlere Websites.<\/p>\n                <div class=\"features-list flex-simple flex-column\" role=\"list\">\n                                                                        <p class=\"feature-item included\" role=\"listitem\">\n                                Unterst\u00fctzung &amp; Entwicklung &#8211; 2h                                                            <\/p>\n                                                    <p class=\"feature-item included\" role=\"listitem\">\n                                Monatliche Backups                                                            <\/p>\n                                                    <p class=\"feature-item included\" role=\"listitem\">\n                                Monatliche Updates                                                            <\/p>\n                                                    <p class=\"feature-item included\" role=\"listitem\">\n                                Sicherheits\u00fcberwachung                                                            <\/p>\n                                                    <p class=\"feature-item included\" role=\"listitem\">\n                                Wesentliche Optimierung                                                            <\/p>\n                                                    <p class=\"feature-item included\" role=\"listitem\">\n                                Ticket-Unterst\u00fctzung                                                            <\/p>\n                                                    <p class=\"feature-item included\" role=\"listitem\">\n                                E-Mail-Unterst\u00fctzung &#8211; 24 Stunden                                                            <\/p>\n                                                            <\/div>\n\n                <p class=\"short-description\">Ideal f\u00fcr kleine bis mittelgro\u00dfe Websites und bietet wichtige Unterst\u00fctzung, Sicherheit und Optimierung f\u00fcr eine konstante Leistung.<\/p>            <\/div>\n\n            <div class=\"container-end flex-simple flex-column\">\n                <div class=\"flex-simple justify-content-center\">\n                    <a href=\"#\" class=\"cta-regular-b-g add-to-cart\"\n                        data-monthly-id=\"16601\"\n                        data-yearly-id=\"16602\"\n                        data-product-id=\"16600\"\n                        role=\"button\" aria-label=\"Plan w\u00e4hlen\">\n                        Plan w\u00e4hlen                    <\/a>\n                <\/div>\n            <\/div>\n        <\/div>\n        <\/div><\/div><\/div><\/div>\n\n<div style=\"height:50px\" aria-hidden=\"true\" class=\"wp-block-spacer\"><\/div>\n\n<div class=\"container-1140 m-0-auto\" role=\"presentation\">\n    <div class=\"thrust-badge\" role=\"region\" aria-labelledby=\"thrust-badge-title\">\n        <div class=\"image-text-wrapper flex-simple justify-content-center align-items-center\" role=\"presentation\">\n            <div class=\"icon-section\" role=\"img\" aria-hidden=\"true\">\n                <i class=\"fas fa-award\" aria-hidden=\"true\"><\/i>            <\/div>\n            <section class=\"content-section\">\n                <p id=\"thrust-badge-title\" style=\"font-style: italic;\">\n                    Alle SiteCare Support-Pl\u00e4ne werden mit einer risikofreien Geld-zur\u00fcck-Garantie geliefert.                <\/p>\n            <\/section>\n        <\/div>\n    <\/div>    \n<\/div>\n\n<div style=\"height:100px\" aria-hidden=\"true\" class=\"wp-block-spacer\"><\/div>\n","protected":false},"excerpt":{"rendered":"","protected":false},"author":1,"featured_media":0,"parent":0,"menu_order":0,"comment_status":"closed","ping_status":"closed","template":"","meta":{"_acf_changed":false,"footnotes":""},"class_list":["post-16490","page","type-page","status-publish","hentry","entry"],"acf":[],"_links":{"self":[{"href":"https:\/\/ladderwp.com\/de\/wp-json\/wp\/v2\/pages\/16490","targetHints":{"allow":["GET"]}}],"collection":[{"href":"https:\/\/ladderwp.com\/de\/wp-json\/wp\/v2\/pages"}],"about":[{"href":"https:\/\/ladderwp.com\/de\/wp-json\/wp\/v2\/types\/page"}],"author":[{"embeddable":true,"href":"https:\/\/ladderwp.com\/de\/wp-json\/wp\/v2\/users\/1"}],"replies":[{"embeddable":true,"href":"https:\/\/ladderwp.com\/de\/wp-json\/wp\/v2\/comments?post=16490"}],"version-history":[{"count":1,"href":"https:\/\/ladderwp.com\/de\/wp-json\/wp\/v2\/pages\/16490\/revisions"}],"predecessor-version":[{"id":18597,"href":"https:\/\/ladderwp.com\/de\/wp-json\/wp\/v2\/pages\/16490\/revisions\/18597"}],"wp:attachment":[{"href":"https:\/\/ladderwp.com\/de\/wp-json\/wp\/v2\/media?parent=16490"}],"curies":[{"name":"wp","href":"https:\/\/api.w.org\/{rel}","templated":true}]}}