{"id":16453,"date":"2024-10-01T09:16:04","date_gmt":"2024-10-01T09:16:04","guid":{"rendered":"http:\/\/ladderwp.com\/cookies-und-datenschutzbestimmungen\/"},"modified":"2025-08-05T11:10:39","modified_gmt":"2025-08-05T11:10:39","slug":"cookies-und-datenschutzbestimmungen","status":"publish","type":"page","link":"https:\/\/ladderwp.com\/de\/cookies-und-datenschutzbestimmungen\/","title":{"rendered":"Cookies und Datenschutzbestimmungen"},"content":{"rendered":"\n<div style=\"height:50px\" aria-hidden=\"true\" class=\"wp-block-spacer\"><\/div>\n\n<h1 class=\"wp-block-heading\" id=\"h-cookies-and-privacy-policy-for-ladderwp\">Cookies und Datenschutzrichtlinie f\u00fcr LadderWP<\/h1>\n\n<p><\/p>\n\n<p>Unter <strong><a href=\"http:\/\/ladderwp.com\/\">LadderWP<\/a><\/strong>respektieren wir Ihre Privatsph\u00e4re und verpflichten uns, Ihre pers\u00f6nlichen Daten zu sch\u00fctzen. Diese Richtlinie erkl\u00e4rt, wie wir Ihre Daten sammeln, verwenden, sch\u00fctzen und Cookies und Datenschutzrichtlinien verwalten, wenn Sie unsere Website besuchen und unsere Dienste nutzen. Wir haben unseren Sitz in der EU und halten uns an die General Data Protection Regulation (GDPR), bieten unsere Dienste aber auch international an.  <\/p>\n\n<div style=\"height:30px\" aria-hidden=\"true\" class=\"wp-block-spacer\"><\/div>\n\n<h2 class=\"wp-block-heading\" id=\"h-1-data-we-collect\">1. Daten, die wir sammeln<\/h2>\n\n<p>Je nachdem, wie Sie mit unserer Website interagieren, sammeln wir verschiedene Arten von pers\u00f6nlichen Daten:<\/p>\n\n<h3 class=\"wp-block-heading\" id=\"h-1-1-personal-information-you-provide\">1.1 Pers\u00f6nliche Informationen, die Sie bereitstellen<\/h3>\n\n<p>Wenn Sie mit uns interagieren (z.B. indem Sie Formulare ausf\u00fcllen, einen Kauf t\u00e4tigen oder uns kontaktieren), k\u00f6nnen wir Daten erfassen:<\/p>\n\n<ul class=\"wp-block-list\">\n<li><strong>Name<\/strong> (Vor- und Nachname)<\/li>\n\n\n\n<li><strong>E-Mail Adresse<\/strong><\/li>\n\n\n\n<li><strong>Rufnummer<\/strong><\/li>\n\n\n\n<li><strong>Firmenname und Beruf<\/strong><\/li>\n\n\n\n<li><strong>Rechnungsadresse und Lieferadresse<\/strong><\/li>\n\n\n\n<li><strong>Benutzername und Passwort<\/strong><\/li>\n\n\n\n<li><strong>Details zum Budget<\/strong><\/li>\n<\/ul>\n\n<h3 class=\"wp-block-heading\" id=\"h-1-2-data-collected-automatically\">1.2 Automatisch erfasste Daten<\/h3>\n\n<p>Wenn Sie unsere Website besuchen, erfassen wir automatisch Daten:<\/p>\n\n<ul class=\"wp-block-list\">\n<li><strong>Cookies<\/strong>: Kleine Datendateien, die auf Ihrem Ger\u00e4t gespeichert werden<\/li>\n\n\n\n<li><strong>IP-Adresse<\/strong><\/li>\n\n\n\n<li><strong>Ger\u00e4teinformationen<\/strong> (Browsertyp, Betriebssystem)<\/li>\n\n\n\n<li><strong>Nutzungsdaten<\/strong> (besuchte Seiten, Verweildauer auf der Website, usw.)<\/li>\n\n\n\n<li><strong>Eindeutige Werbekennungen<\/strong> (wie Google Advertiser ID oder IDFA)<\/li>\n<\/ul>\n\n<div style=\"height:30px\" aria-hidden=\"true\" class=\"wp-block-spacer\"><\/div>\n\n<h2 class=\"wp-block-heading\" id=\"h-2-why-we-collect-your-data\">2. Warum wir Ihre Daten sammeln<\/h2>\n\n<p>Wir verwenden Ihre personenbezogenen Daten f\u00fcr die folgenden Zwecke:<\/p>\n\n<ul class=\"wp-block-list\">\n<li><strong>Bereitstellung von Diensten<\/strong>: Zur Bereitstellung, Aufrechterhaltung und Verbesserung unserer Dienste.<\/li>\n\n\n\n<li><strong>Kundenbetreuung<\/strong>: Um Ihre Anfragen zu beantworten und Ihnen zu helfen.<\/li>\n\n\n\n<li><strong>Zahlungen<\/strong>: Um Transaktionen sicher zu verarbeiten und Rechnungen zu versenden.<\/li>\n\n\n\n<li><strong>Marketing<\/strong>: Um Ihnen Werbeangebote und personalisierte Werbung zu senden (mit Ihrer Zustimmung).<\/li>\n\n\n\n<li><strong>Analytik<\/strong>: Zur Analyse von Nutzungsmustern und zur Verbesserung der Benutzerfreundlichkeit.<\/li>\n<\/ul>\n\n<div style=\"height:30px\" aria-hidden=\"true\" class=\"wp-block-spacer\"><\/div>\n\n<h2 class=\"wp-block-heading\" id=\"h-3-how-we-process-and-store-your-data\">3. Wie wir Ihre Daten verarbeiten und speichern<\/h2>\n\n<p>Wir nehmen Ihre Privatsph\u00e4re ernst und sorgen daf\u00fcr, dass Ihre Daten sicher verarbeitet werden:<\/p>\n\n<ul class=\"wp-block-list\">\n<li><strong>Wo<\/strong>: Ihre Daten werden in unseren B\u00fcros in Rum\u00e4nien, EU, und von unseren vertrauensw\u00fcrdigen Drittanbietern (z.B. Cloud Hosting, E-Mail-Management) verarbeitet.<\/li>\n\n\n\n<li><strong>Wie<\/strong>: Wir verwenden sichere IT-Systeme und befolgen branchen\u00fcbliche Verfahren, um den Schutz Ihrer Daten zu gew\u00e4hrleisten.<\/li>\n<\/ul>\n\n<h3 class=\"wp-block-heading\" id=\"h-3-2-retention-period\">3.2 Aufbewahrungsfrist<\/h3>\n\n<p>Wir speichern Ihre pers\u00f6nlichen Daten nur so lange wie n\u00f6tig:<\/p>\n\n<ul class=\"wp-block-list\">\n<li><strong>Dienstleistungsbezogene Daten<\/strong>: Bis die Dienstleistung erbracht oder der Vertrag abgeschlossen ist.<\/li>\n\n\n\n<li><strong>Marketing- und Analysedaten<\/strong>: Bis Sie sich abmelden oder Ihre Zustimmung zur\u00fcckziehen.<\/li>\n\n\n\n<li><strong>Gesetzliche Zwecke<\/strong>: Wie vom Gesetz vorgeschrieben.<\/li>\n<\/ul>\n\n<div style=\"height:30px\" aria-hidden=\"true\" class=\"wp-block-spacer\"><\/div>\n\n<h2 class=\"wp-block-heading\" id=\"h-4-international-data-transfers\">4. Internationale Daten\u00fcbertragungen<\/h2>\n\n<p>Da wir mit internationalen Kunden und Dienstleistern zusammenarbeiten, k\u00f6nnen Ihre pers\u00f6nlichen Daten in L\u00e4nder au\u00dferhalb der EU \u00fcbermittelt werden. Wenn dies geschieht, stellen wir sicher, dass: <\/p>\n\n<ul class=\"wp-block-list\">\n<li><strong>Daten\u00fcbertragungen<\/strong> sind mit der GDPR und den geltenden internationalen Datenschutzgesetzen konform.<\/li>\n\n\n\n<li>Zum Schutz Ihrer Daten sind <strong>angemessene Sicherheitsvorkehrungen<\/strong> (wie z.B. Standardvertragsklauseln) getroffen worden.<\/li>\n<\/ul>\n\n<div style=\"height:30px\" aria-hidden=\"true\" class=\"wp-block-spacer\"><\/div>\n\n<h2 class=\"wp-block-heading\" id=\"h-5-your-privacy-rights-for-eu-residents\">5. Ihre Datenschutzrechte (f\u00fcr Einwohner der EU)<\/h2>\n\n<p>Sie haben die folgenden Rechte in Bezug auf Ihre pers\u00f6nlichen Daten gem\u00e4\u00df GDPR:<\/p>\n\n<ul class=\"wp-block-list\">\n<li><strong>Zugang<\/strong>: Sie k\u00f6nnen eine Kopie der Daten anfordern, die wir \u00fcber Sie gespeichert haben.<\/li>\n\n\n\n<li><strong>Berichtigung<\/strong>: Sie k\u00f6nnen uns bitten, ungenaue Daten zu aktualisieren oder zu korrigieren.<\/li>\n\n\n\n<li><strong>L\u00f6schung<\/strong>: Sie k\u00f6nnen die L\u00f6schung Ihrer pers\u00f6nlichen Daten beantragen.<\/li>\n\n\n\n<li><strong>Einschr\u00e4nkung<\/strong>: Sie k\u00f6nnen verlangen, dass wir die Verarbeitung Ihrer Daten einschr\u00e4nken.<\/li>\n\n\n\n<li><strong>Daten\u00fcbertragbarkeit<\/strong>: Sie k\u00f6nnen eine Kopie Ihrer Daten in einem maschinenlesbaren Format anfordern, um sie an einen anderen Dienst zu \u00fcbertragen.<\/li>\n\n\n\n<li><strong>Einspruch<\/strong>: Sie k\u00f6nnen der Verwendung Ihrer Daten f\u00fcr Direktmarketing oder legitime Interessen widersprechen.<\/li>\n\n\n\n<li><strong>Zustimmung widerrufen<\/strong>: Wenn Sie uns Ihre Zustimmung zur Datenverarbeitung gegeben haben, k\u00f6nnen Sie diese jederzeit widerrufen.<\/li>\n<\/ul>\n\n<p>Um diese Rechte auszu\u00fcben, kontaktieren Sie uns unter: <a>privacy@ladderwp.com.<\/a><\/p>\n\n<div style=\"height:30px\" aria-hidden=\"true\" class=\"wp-block-spacer\"><\/div>\n\n<h2 class=\"wp-block-heading\" id=\"h-6-your-privacy-rights-for-us-residents\">6. Ihre Datenschutzrechte (f\u00fcr US-B\u00fcrger)<\/h2>\n\n<p>Wenn Sie in den USA ans\u00e4ssig sind, haben Sie je nach Bundesstaat, in dem Sie wohnen, bestimmte Rechte in Bezug auf Ihre pers\u00f6nlichen Daten, die sich aus den staatlichen Datenschutzgesetzen ergeben, wie z.B. dem California Consumer Privacy Act (CCPA). Diese Rechte umfassen: <\/p>\n\n<ul class=\"wp-block-list\">\n<li><strong>Recht auf Information<\/strong>: Sie haben das Recht, Auskunft dar\u00fcber zu verlangen, welche pers\u00f6nlichen Daten wir sammeln, verwenden, weitergeben und verkaufen (falls zutreffend).<\/li>\n\n\n\n<li><strong>Recht auf Zugang<\/strong>: Sie k\u00f6nnen eine Kopie Ihrer pers\u00f6nlichen Daten, die wir gesammelt haben, anfordern.<\/li>\n\n\n\n<li><strong>Recht auf L\u00f6schung<\/strong>: Sie k\u00f6nnen verlangen, dass wir Ihre pers\u00f6nlichen Daten l\u00f6schen, vorbehaltlich bestimmter Ausnahmen.<\/li>\n\n\n\n<li><strong>Recht auf Ablehnung<\/strong>: Sie haben das Recht, dem Verkauf oder der Weitergabe Ihrer pers\u00f6nlichen Daten f\u00fcr kontext\u00fcbergreifende verhaltensbezogene Werbung zu widersprechen (falls zutreffend).<\/li>\n\n\n\n<li><strong>Recht auf Nicht-Diskriminierung<\/strong>: Sie werden nicht diskriminiert, weil Sie Ihre Datenschutzrechte wahrnehmen.<\/li>\n\n\n\n<li><strong>Recht auf Berichtigung<\/strong>: Sie k\u00f6nnen die Berichtigung unrichtiger pers\u00f6nlicher Daten verlangen.<\/li>\n<\/ul>\n\n<p>To exercise these rights, you can contact us at <a>privacy@ladderwp.com<\/a>. Please note that we may require verification of your identity before processing your request. <\/p>\n\n<div style=\"height:30px\" aria-hidden=\"true\" class=\"wp-block-spacer\"><\/div>\n\n<h2 class=\"wp-block-heading\" id=\"h-7-cookies-and-consent\">7. Cookies und Zustimmung<\/h2>\n\n<p>Wir verwenden Cookies und \u00e4hnliche Technologien, um:<\/p>\n\n<ul class=\"wp-block-list\">\n<li><strong>Verbessern Sie Ihr Surferlebnis<\/strong>: Zum Beispiel die Erinnerung an Ihre Anmeldedaten und Pr\u00e4ferenzen.<\/li>\n\n\n\n<li><strong>Bieten Sie personalisierte Werbung an<\/strong>: Zeigen Sie relevante Werbung, die auf Ihren Interessen basiert.<\/li>\n\n\n\n<li><strong>Analysieren Sie den Website-Verkehr<\/strong>: Verstehen, wie Nutzer mit unserer Website interagieren, um unseren Service zu verbessern.<\/li>\n<\/ul>\n\n<h3 class=\"wp-block-heading\" id=\"h-7-1-types-of-cookies-we-use\">7.1 Arten von Cookies, die wir verwenden<\/h3>\n\n<ul class=\"wp-block-list\">\n<li><strong>Unverzichtbare Cookies<\/strong>: Notwendig f\u00fcr das Funktionieren der Website und k\u00f6nnen nicht abgeschaltet werden. Dazu geh\u00f6ren Aktionen wie das Speichern Ihrer Datenschutzeinstellungen, das Einloggen oder das Ausf\u00fcllen von Formularen. <\/li>\n\n\n\n<li><strong>Leistungs-Cookies<\/strong>: Erm\u00f6glichen es uns, Besuche und Verkehrsquellen zu z\u00e4hlen, um die Leistung unserer Website zu messen und zu verbessern. Alle gesammelten Informationen sind aggregiert und anonym. <\/li>\n\n\n\n<li><strong>Funktionale Cookies<\/strong>: Erm\u00f6glichen eine verbesserte Funktionalit\u00e4t und Personalisierung, wie z.B. das Speichern von Entscheidungen, die Sie getroffen haben (z.B. Spracheinstellungen).<\/li>\n\n\n\n<li><strong>Zielgerichtete Cookies<\/strong>: Werden von unseren Werbepartnern gesetzt, um Ihre Surfgewohnheiten zu verfolgen und gezielte Werbung anzubieten. Sie helfen auch dabei, die Effektivit\u00e4t von Werbekampagnen zu messen. <\/li>\n<\/ul>\n\n<h3 class=\"wp-block-heading\" id=\"h-7-2-how-we-obtain-your-consent\">7.2 Wie wir Ihr Einverst\u00e4ndnis einholen<\/h3>\n\n<ul class=\"wp-block-list\">\n<li>Wenn Sie unsere Website besuchen, sehen Sie ein Cookie-Einverst\u00e4ndnis-Banner. Wenn Sie auf &#8222;Akzeptieren&#8220; klicken, erkl\u00e4ren Sie sich mit der Verwendung aller Cookies, wie in dieser Richtlinie beschrieben, einverstanden. <\/li>\n\n\n\n<li>Sie k\u00f6nnen auch die Cookie-Einstellungen verwalten und bestimmte Arten von Cookies akzeptieren oder ablehnen.<\/li>\n<\/ul>\n\n<h3 class=\"wp-block-heading\" id=\"h-7-3-managing-and-disabling-cookies\">7.3 Verwaltung und Deaktivierung von Cookies<\/h3>\n\n<ul class=\"wp-block-list\">\n<li>Sie k\u00f6nnen Cookies jederzeit \u00fcber Ihre Browsereinstellungen verwalten oder blockieren. Wenn Sie sich daf\u00fcr entscheiden, Cookies zu blockieren, funktionieren einige Funktionen unserer Website m\u00f6glicherweise nicht wie vorgesehen. <\/li>\n\n\n\n<li>Weitere Informationen dar\u00fcber, wie Sie Cookies in Ihrem Browser verwalten k\u00f6nnen, finden Sie im Hilfebereich Ihres Webbrowsers.<\/li>\n<\/ul>\n\n<h3 class=\"wp-block-heading\" id=\"h-7-4-withdrawing-consent\">7.4 R\u00fccknahme der Zustimmung<\/h3>\n\n<ul class=\"wp-block-list\">\n<li>Wenn Sie Ihre Zustimmung zur Verwendung von Cookies widerrufen m\u00f6chten, k\u00f6nnen Sie dies tun, indem Sie Ihre Browsereinstellungen anpassen oder die Cookie-Einstellungen auf unserer Website verwenden.<\/li>\n\n\n\n<li>Sie k\u00f6nnen auch Cookies l\u00f6schen, die bereits auf Ihrem Ger\u00e4t gespeichert sind.<\/li>\n<\/ul>\n\n<div style=\"height:30px\" aria-hidden=\"true\" class=\"wp-block-spacer\"><\/div>\n\n<h2 class=\"wp-block-heading\" id=\"h-8-data-security\">8. Datensicherheit<\/h2>\n\n<p>Wir setzen angemessene Sicherheitsma\u00dfnahmen ein, um Ihre pers\u00f6nlichen Daten vor unbefugtem Zugriff, Ver\u00e4nderung oder Verlust zu sch\u00fctzen, einschlie\u00dflich:<\/p>\n\n<ul class=\"wp-block-list\">\n<li><strong>Verschl\u00fcsselung<\/strong>: Wir verwenden sichere Protokolle, um Ihre Daten w\u00e4hrend der \u00dcbertragung zu sch\u00fctzen.<\/li>\n\n\n\n<li><strong>Zugriffskontrollen<\/strong>: Nur autorisiertes Personal hat Zugang zu Ihren Daten.<\/li>\n\n\n\n<li><strong>Regelm\u00e4\u00dfige Audits<\/strong>: Wir \u00fcberpr\u00fcfen regelm\u00e4\u00dfig unsere Datensicherheitspraktiken.<\/li>\n<\/ul>\n\n<div style=\"height:30px\" aria-hidden=\"true\" class=\"wp-block-spacer\"><\/div>\n\n<h2 class=\"wp-block-heading\" id=\"h-9-changes-to-this-cookies-and-privacy-policy\">9. \u00c4nderungen dieser Cookies und Datenschutzrichtlinie<\/h2>\n\n<p>Wir k\u00f6nnen diese Richtlinie von Zeit zu Zeit aktualisieren, um \u00c4nderungen an unseren Dienstleistungen oder an den gesetzlichen Anforderungen Rechnung zu tragen. Wir werden Sie \u00fcber wesentliche \u00c4nderungen informieren: <\/p>\n\n<ul class=\"wp-block-list\">\n<li><strong>Unsere Website<\/strong><\/li>\n\n\n\n<li><strong>E-Mail-Benachrichtigungen (falls zutreffend)<\/strong><\/li>\n<\/ul>\n\n<p>Bitte besuchen Sie diese Seite regelm\u00e4\u00dfig, um sich \u00fcber eventuelle Aktualisierungen zu informieren.<\/p>\n\n<div style=\"height:30px\" aria-hidden=\"true\" class=\"wp-block-spacer\"><\/div>\n\n<h2 class=\"wp-block-heading\" id=\"h-10-contact-information\">10. Kontaktinformationen<\/h2>\n\n<p>Wenn Sie Fragen zu dieser Cookie- und Datenschutzrichtlinie haben oder Ihre Datenschutzrechte aus\u00fcben m\u00f6chten, k\u00f6nnen Sie uns unter folgender Adresse kontaktieren:<\/p>\n\n<p><\/p>\n\n<div style=\"height:30px\" aria-hidden=\"true\" class=\"wp-block-spacer\"><\/div>\n\n<p><strong>LadderWP<\/strong><\/p>\n\n<p><strong>Betrieben von<\/strong>: ADINVENT S.R.L.<\/p>\n\n<p><strong>Adresse<\/strong>: Artarului nr.1, Ap.2, Cluj-Napoca, 400132, Rum\u00e4nien<\/p>\n\n<p><strong>Umsatzsteuer-Identifikationsnummer<\/strong>: RO22224009<\/p>\n\n<p><strong>Email<\/strong>: <a>office@ladderwp.com<\/a><\/p>\n\n<div style=\"height:30px\" aria-hidden=\"true\" class=\"wp-block-spacer\"><\/div>\n\n<p><strong>Zuletzt aktualisiert<\/strong>: Oktober 15, 2024<\/p>\n\n<div style=\"height:100px\" aria-hidden=\"true\" class=\"wp-block-spacer\"><\/div>\n\n<p><\/p>\n","protected":false},"excerpt":{"rendered":"<p>Cookies und Datenschutzrichtlinie f\u00fcr LadderWP Unter LadderWPrespektieren wir Ihre Privatsph\u00e4re und verpflichten uns, Ihre pers\u00f6nlichen Daten zu sch\u00fctzen. Diese Richtlinie erkl\u00e4rt, wie wir Ihre Daten sammeln, verwenden, sch\u00fctzen und Cookies und Datenschutzrichtlinien verwalten, wenn Sie unsere Website besuchen und unsere Dienste nutzen. Wir haben unseren Sitz in der EU und halten uns an die General&hellip; <a class=\"more-link\" href=\"https:\/\/ladderwp.com\/de\/cookies-und-datenschutzbestimmungen\/\">Continue reading <span class=\"screen-reader-text\">Cookies und Datenschutzbestimmungen<\/span><\/a><\/p>\n","protected":false},"author":1,"featured_media":0,"parent":0,"menu_order":0,"comment_status":"closed","ping_status":"open","template":"align-wide-template.php","meta":{"_acf_changed":false,"footnotes":""},"class_list":["post-16453","page","type-page","status-publish","hentry","entry"],"acf":[],"_links":{"self":[{"href":"https:\/\/ladderwp.com\/de\/wp-json\/wp\/v2\/pages\/16453","targetHints":{"allow":["GET"]}}],"collection":[{"href":"https:\/\/ladderwp.com\/de\/wp-json\/wp\/v2\/pages"}],"about":[{"href":"https:\/\/ladderwp.com\/de\/wp-json\/wp\/v2\/types\/page"}],"author":[{"embeddable":true,"href":"https:\/\/ladderwp.com\/de\/wp-json\/wp\/v2\/users\/1"}],"replies":[{"embeddable":true,"href":"https:\/\/ladderwp.com\/de\/wp-json\/wp\/v2\/comments?post=16453"}],"version-history":[{"count":2,"href":"https:\/\/ladderwp.com\/de\/wp-json\/wp\/v2\/pages\/16453\/revisions"}],"predecessor-version":[{"id":18573,"href":"https:\/\/ladderwp.com\/de\/wp-json\/wp\/v2\/pages\/16453\/revisions\/18573"}],"wp:attachment":[{"href":"https:\/\/ladderwp.com\/de\/wp-json\/wp\/v2\/media?parent=16453"}],"curies":[{"name":"wp","href":"https:\/\/api.w.org\/{rel}","templated":true}]}}